{"id":6,"date":"2017-02-23T17:21:31","date_gmt":"2017-02-23T17:21:31","guid":{"rendered":"http:\/\/localhost\/avad-be\/?page_id=6"},"modified":"2023-09-28T07:56:48","modified_gmt":"2023-09-28T07:56:48","slug":"partnership","status":"publish","type":"page","link":"https:\/\/www.avadbaltic.com\/lv\/homepage\/partnership\/","title":{"rendered":"Partner\u012bba"},"content":{"rendered":"<p>J\u016bsu uz\u0146\u0113mums var att\u012bst\u012bties, k\u013c\u016bstot par Apple pilnvaroto t\u0101l\u0101kp\u0101rdev\u0113ju (APT). M\u0113s esam p\u0101rliecin\u0101ti, ka jums interes\u0113s iesp\u0113ja palielin\u0101t apgroz\u012bjumu un piek\u013c\u016bt jauniem tirgiem, izmantojot pre\u010du z\u012bmi, kas strauji ieg\u016bst popularit\u0101ti.<\/p>\n<p>APT ir uz\u0146\u0113m\u0113jdarb\u012bbas partneris, kas atbilst noteiktajiem krit\u0113rijiem un st\u0101jas l\u012bgumattiec\u012bb\u0101s ar uz\u0146\u0113mumu AVAD Baltic, lai p\u0101rdotu Apple ra\u017eojumus.<br \/>\nAPT \u2014 AVAD Baltic apstiprin\u0101tajam uz\u0146\u0113mumam \u2014 ir pien\u0101kums Apple fisk\u0101laj\u0101 ceturksn\u012b ieg\u0101d\u0101ties Apple ra\u017eojumus vismaz 100 000 EUR v\u0113rt\u012bb\u0101. APT ir ar\u012b j\u0101atbilst Apple pre\u010du z\u012bmju un sortimenta r\u0101d\u012bt\u0101ja pras\u012bb\u0101m un j\u0101noz\u012bm\u0113 vismaz divas Apple apm\u0101c\u012btas personas.<\/p>\n<p>Lai k\u013c\u016btu par APT, <a href=\"https:\/\/www.avadbaltic.com\/lt\/team-up-with-apple\/\">aizpildiet pieteikuma veidlapu<\/a>.<\/p>\n<p>Str\u0101d\u0101jot kop\u0101 ar Apple papla\u0161in\u0101s iesp\u0113ju loks<\/p>\n<p>\u201eApple Premium Reseller\u201c (APR): svar\u012bg\u0101kaj\u0101s viet\u0101s eso\u0161o Apple augst\u0101k\u0101 l\u012bme\u0146a t\u0101l\u0101kp\u0101rdev\u0113ja veikalu vitr\u012bn\u0101s ir izvietots pilns Apple ra\u017eojumu kl\u0101sts, un klientiem tiek nodro\u0161in\u0101tas izcilas v\u0113rt\u012bbas un apkalpo\u0161ana.<\/p>\n<p>\u201eApple Service Provider\u201c: uz\u0146\u0113mums, kas vismaz divus gadus ir veiksm\u012bgi darbojies garantijas servisa jom\u0101. Apple remontus veic Apple sertific\u0113ti tehni\u0137i pilnvarot\u0101s darbn\u012bc\u0101s.<\/p>\n<p>\u201eApple Solution Expert\u201c: izstr\u0101d\u0101ts uz\u0146\u0113mumiem, kas pieg\u0101d\u0101 \u013coti specifiskas iek\u0101rtas, kuru lieto\u0161anai nepiecie\u0161amas zin\u0101\u0161anas par aparat\u016bru, programmat\u016bru, apm\u0101c\u012bbu un tehnisko atbalstu.<\/p>\n<p>Ja jums ir jaut\u0101jumi par pilnvarojumu, <a href=\"..\/lv\/#contacts\">sazinieties ar mums<\/a>.<\/p>","protected":false},"excerpt":{"rendered":"<p>J\u016bsu uz\u0146\u0113mums var att\u012bst\u012bties, k\u013c\u016bstot par Apple pilnvaroto t\u0101l\u0101kp\u0101rdev\u0113ju (APT). M\u0113s esam p\u0101rliecin\u0101ti, ka jums interes\u0113s iesp\u0113ja palielin\u0101t apgroz\u012bjumu un piek\u013c\u016bt jauniem tirgiem, izmantojot pre\u010du z\u012bmi, kas strauji ieg\u016bst popularit\u0101ti. APT ir uz\u0146\u0113m\u0113jdarb\u012bbas partneris, kas atbilst noteiktajiem krit\u0113rijiem un st\u0101jas l\u012bgumattiec\u012bb\u0101s ar uz\u0146\u0113mumu AVAD Baltic, lai p\u0101rdotu Apple ra\u017eojumus. APT \u2014 AVAD Baltic apstiprin\u0101tajam uz\u0146\u0113mumam &hellip; <a href=\"https:\/\/www.avadbaltic.com\/lv\/homepage\/partnership\/\" class=\"more-link\">Continue reading<span class=\"screen-reader-text\"> &#8220;Partner\u012bba&#8221;<\/span><\/a><\/p>\n","protected":false},"author":1,"featured_media":0,"parent":49,"menu_order":0,"comment_status":"closed","ping_status":"closed","template":"","meta":{"_acf_changed":false,"footnotes":""},"class_list":["post-6","page","type-page","status-publish","hentry"],"acf":[],"_links":{"self":[{"href":"https:\/\/www.avadbaltic.com\/lv\/wp-json\/wp\/v2\/pages\/6","targetHints":{"allow":["GET"]}}],"collection":[{"href":"https:\/\/www.avadbaltic.com\/lv\/wp-json\/wp\/v2\/pages"}],"about":[{"href":"https:\/\/www.avadbaltic.com\/lv\/wp-json\/wp\/v2\/types\/page"}],"author":[{"embeddable":true,"href":"https:\/\/www.avadbaltic.com\/lv\/wp-json\/wp\/v2\/users\/1"}],"replies":[{"embeddable":true,"href":"https:\/\/www.avadbaltic.com\/lv\/wp-json\/wp\/v2\/comments?post=6"}],"version-history":[{"count":22,"href":"https:\/\/www.avadbaltic.com\/lv\/wp-json\/wp\/v2\/pages\/6\/revisions"}],"predecessor-version":[{"id":3558,"href":"https:\/\/www.avadbaltic.com\/lv\/wp-json\/wp\/v2\/pages\/6\/revisions\/3558"}],"up":[{"embeddable":true,"href":"https:\/\/www.avadbaltic.com\/lv\/wp-json\/wp\/v2\/pages\/49"}],"wp:attachment":[{"href":"https:\/\/www.avadbaltic.com\/lv\/wp-json\/wp\/v2\/media?parent=6"}],"curies":[{"name":"wp","href":"https:\/\/api.w.org\/{rel}","templated":true}]}}