{"id":4,"date":"2017-02-23T17:11:15","date_gmt":"2017-02-23T17:11:15","guid":{"rendered":"http:\/\/localhost\/avad-be\/?page_id=4"},"modified":"2024-06-28T07:51:49","modified_gmt":"2024-06-28T07:51:49","slug":"about-company","status":"publish","type":"page","link":"https:\/\/www.avadbaltic.com\/lv\/homepage\/about-company\/","title":{"rendered":"Par uz\u0146\u0113mumu"},"content":{"rendered":"<p>UAB \u201cAVAD Baltic\u201d ir Apple pilnvarots izplat\u012bt\u0101js un ir atbild\u012bgs par past\u0101v\u012bgu \u201cApple\u201d pre\u010du z\u012bmes popularit\u0101tes pieaugumu Baltijas valst\u012bs, k\u0101 ar\u012b par Apple pilnvaroto t\u0101l\u0101kp\u0101rdev\u0113ju un pakalpojumu sniedz\u0113ju t\u012bkla att\u012bst\u012bbu.<\/p>\n<p>AVAD Baltic komanda akt\u012bvi piedal\u0101s Apple tehnolo\u0123iju piem\u0113ro\u0161an\u0101 un ievie\u0161an\u0101, pal\u012bdzot paaugstin\u0101t uz\u0146\u0113muma un izgl\u012bt\u012bbas nozares speci\u0101listu kvalifik\u0101ciju, apm\u0101cot un konsult\u0113jot profesion\u0101\u013cus par to, k\u0101 izmantot pa\u0161as jaun\u0101k\u0101s Apple tehnolo\u0123ijas.<\/p>\n<p>2007. gad\u0101 nodibin\u0101tais UAB \u201cAVAD Baltic\u201d ir viens no Lietuvas-kapit\u0101la ACME Grup\u0117 uz\u0146\u0113mumiem. Pla\u0161\u0101ku inform\u0101ciju skatiet t\u012bmek\u013ca vietn\u0113 www.acmegrupe.lt<\/p>","protected":false},"excerpt":{"rendered":"<p>UAB \u201cAVAD Baltic\u201d ir Apple pilnvarots izplat\u012bt\u0101js un ir atbild\u012bgs par past\u0101v\u012bgu \u201cApple\u201d pre\u010du z\u012bmes popularit\u0101tes pieaugumu Baltijas valst\u012bs, k\u0101 ar\u012b par Apple pilnvaroto t\u0101l\u0101kp\u0101rdev\u0113ju un pakalpojumu sniedz\u0113ju t\u012bkla att\u012bst\u012bbu. AVAD Baltic komanda akt\u012bvi piedal\u0101s Apple tehnolo\u0123iju piem\u0113ro\u0161an\u0101 un ievie\u0161an\u0101, pal\u012bdzot paaugstin\u0101t uz\u0146\u0113muma un izgl\u012bt\u012bbas nozares speci\u0101listu kvalifik\u0101ciju, apm\u0101cot un konsult\u0113jot profesion\u0101\u013cus par to, k\u0101 &hellip; <a href=\"https:\/\/www.avadbaltic.com\/lv\/homepage\/about-company\/\" class=\"more-link\">Continue reading<span class=\"screen-reader-text\"> &#8220;Par uz\u0146\u0113mumu&#8221;<\/span><\/a><\/p>\n","protected":false},"author":1,"featured_media":0,"parent":49,"menu_order":0,"comment_status":"closed","ping_status":"closed","template":"","meta":{"_acf_changed":false,"footnotes":""},"class_list":["post-4","page","type-page","status-publish","hentry"],"acf":[],"_links":{"self":[{"href":"https:\/\/www.avadbaltic.com\/lv\/wp-json\/wp\/v2\/pages\/4","targetHints":{"allow":["GET"]}}],"collection":[{"href":"https:\/\/www.avadbaltic.com\/lv\/wp-json\/wp\/v2\/pages"}],"about":[{"href":"https:\/\/www.avadbaltic.com\/lv\/wp-json\/wp\/v2\/types\/page"}],"author":[{"embeddable":true,"href":"https:\/\/www.avadbaltic.com\/lv\/wp-json\/wp\/v2\/users\/1"}],"replies":[{"embeddable":true,"href":"https:\/\/www.avadbaltic.com\/lv\/wp-json\/wp\/v2\/comments?post=4"}],"version-history":[{"count":19,"href":"https:\/\/www.avadbaltic.com\/lv\/wp-json\/wp\/v2\/pages\/4\/revisions"}],"predecessor-version":[{"id":3617,"href":"https:\/\/www.avadbaltic.com\/lv\/wp-json\/wp\/v2\/pages\/4\/revisions\/3617"}],"up":[{"embeddable":true,"href":"https:\/\/www.avadbaltic.com\/lv\/wp-json\/wp\/v2\/pages\/49"}],"wp:attachment":[{"href":"https:\/\/www.avadbaltic.com\/lv\/wp-json\/wp\/v2\/media?parent=4"}],"curies":[{"name":"wp","href":"https:\/\/api.w.org\/{rel}","templated":true}]}}