{"id":2818,"date":"2019-08-21T06:29:01","date_gmt":"2019-08-21T06:29:01","guid":{"rendered":"https:\/\/www.avadbaltic.com\/?page_id=2818"},"modified":"2019-10-04T14:39:51","modified_gmt":"2019-10-04T14:39:51","slug":"principles-of-compliance","status":"publish","type":"page","link":"https:\/\/www.avadbaltic.com\/lv\/principles-of-compliance\/","title":{"rendered":"Atbilst\u012bbas principi"},"content":{"rendered":"<p><\/p>\n<p>Godpr\u0101t\u012bba un p\u0101rskat\u0101ma darb\u012bba \u2013 vienas no m\u016bsu strat\u0113\u0123iskaj\u0101m v\u0113rt\u012bb\u0101m, kuras iev\u0113rojam, att\u012bstot uz\u0146\u0113muma darb\u012bbu, str\u0101d\u0101jot un sadarbojoties ar klientiem, stiprinot saiknes ar partneriem. \u0160o un citu iemeslu d\u0113\u013c kop\u0101 ar citiem \u201eACME Grup\u0117\u201d uz\u0146\u0113mumiem vad\u0101mies p\u0113c \u0161iem kop\u0113jiem <a href=\"http:\/\/www.acmegrupe.lt\/en\/about-us\/compliance\/\"><em>Atbilst\u012bbas \u012bsteno\u0161anas principiem<\/em><\/a>.<\/p>\n<p><\/p>","protected":false},"excerpt":{"rendered":"<p>Godpr\u0101t\u012bba un p\u0101rskat\u0101ma darb\u012bba \u2013 vienas no m\u016bsu strat\u0113\u0123iskaj\u0101m v\u0113rt\u012bb\u0101m, kuras iev\u0113rojam, att\u012bstot uz\u0146\u0113muma darb\u012bbu, str\u0101d\u0101jot un sadarbojoties ar klientiem, stiprinot saiknes ar partneriem. \u0160o un citu iemeslu d\u0113\u013c kop\u0101 ar citiem \u201eACME Grup\u0117\u201d uz\u0146\u0113mumiem vad\u0101mies p\u0113c \u0161iem kop\u0113jiem Atbilst\u012bbas \u012bsteno\u0161anas principiem.<\/p>\n","protected":false},"author":5,"featured_media":0,"parent":0,"menu_order":0,"comment_status":"closed","ping_status":"closed","template":"","meta":{"_acf_changed":false,"footnotes":""},"class_list":["post-2818","page","type-page","status-publish","hentry"],"acf":[],"_links":{"self":[{"href":"https:\/\/www.avadbaltic.com\/lv\/wp-json\/wp\/v2\/pages\/2818","targetHints":{"allow":["GET"]}}],"collection":[{"href":"https:\/\/www.avadbaltic.com\/lv\/wp-json\/wp\/v2\/pages"}],"about":[{"href":"https:\/\/www.avadbaltic.com\/lv\/wp-json\/wp\/v2\/types\/page"}],"author":[{"embeddable":true,"href":"https:\/\/www.avadbaltic.com\/lv\/wp-json\/wp\/v2\/users\/5"}],"replies":[{"embeddable":true,"href":"https:\/\/www.avadbaltic.com\/lv\/wp-json\/wp\/v2\/comments?post=2818"}],"version-history":[{"count":4,"href":"https:\/\/www.avadbaltic.com\/lv\/wp-json\/wp\/v2\/pages\/2818\/revisions"}],"predecessor-version":[{"id":2889,"href":"https:\/\/www.avadbaltic.com\/lv\/wp-json\/wp\/v2\/pages\/2818\/revisions\/2889"}],"wp:attachment":[{"href":"https:\/\/www.avadbaltic.com\/lv\/wp-json\/wp\/v2\/media?parent=2818"}],"curies":[{"name":"wp","href":"https:\/\/api.w.org\/{rel}","templated":true}]}}