{"id":2391,"date":"2018-09-14T07:41:23","date_gmt":"2018-09-14T07:41:23","guid":{"rendered":"https:\/\/www.avadbaltic.com\/?page_id=2391"},"modified":"2019-01-07T09:01:19","modified_gmt":"2019-01-07T09:01:19","slug":"dep","status":"publish","type":"page","link":"https:\/\/www.avadbaltic.com\/lv\/dep\/","title":{"rendered":"DEP"},"content":{"rendered":"<p><\/p>\n<p style=\"font-size: 26px; text-align: center;\"><strong>Apple biznesa mened\u017ementa p\u0101rskats partneriem<\/strong><\/p>\n<p style=\"text-align: justify; font-size: 24px;\"><strong> 1. Kas ir Apple biznesa mened\u017eeris?<\/strong><br \/>\n<em>Apple biznesa mened\u017eeris<\/em> ir jauna platforma IT komand\u0101m, lai automatiz\u0113tu ier\u012b\u010du izvieto\u0161anu, ieg\u0101d\u0101tos un izplat\u012btu saturu, k\u0101 ar\u012b p\u0101rvald\u012btu to darb\u012bbu organiz\u0101cijas ietvaros. \u2028Vienlaikus nodro\u0161inot mobilo ier\u012b\u010du p\u0101rvald\u012bbu (MDM), <em>Apple biznesa mened\u017eeris<\/em> atvieglo re\u0123istr\u0113\u0161anas procesu, satura izvieto\u0161anu un dele\u0123\u0113 administrat\u012bv\u0101s privil\u0113\u0123ijas.<br \/>\nIer\u012bces re\u0123istr\u0101cijas programma (DEP) un apjoma pirk\u0161anas programma (VPP) ir integr\u0113ta <em>Apple biznesa vad\u012bbas<\/em> panel\u012b, t\u0101p\u0113c tagad varat apkopot visu nepiecie\u0161amo inform\u0101ciju, lai vienkopus izvietotu iOS ier\u012bces, Mac datorus un Apple TV.<br \/>\n<strong>2. Ier\u012bces<\/strong><br \/>\nIer\u012b\u010du re\u0123istr\u0101cija ir da\u013ca no Apple biznesa mened\u017eera, kas nodro\u0161ina \u0101tru un racion\u0101lu veidu, k\u0101 izvietot korporat\u012bv\u0101s Apple ier\u012bces.<br \/>\n\u2022 Ier\u012bces tiek autom\u0101tiski re\u0123istr\u0113tas MDM sist\u0113m\u0101, t\u0101s manu\u0101li neaiztiekot vai bez nepiecie\u0161am\u012bbas sagatavot katru ier\u012bci atsevi\u0161\u0137i, pirms lietot\u0101ji t\u0101s sa\u0146em, t\u0101d\u0113j\u0101di nodro\u0161inot, ka visi lietot\u0101ji sa\u0146em j\u016bsu uz\u0146\u0113muma konfigur\u0101cijas t\u016bl\u012bt p\u0113c ier\u012bces aktiviz\u0113\u0161anas.<br \/>\n\u2022 Iestat\u012b\u0161anas process ir padar\u012bts vienk\u0101r\u0161\u0101ks lietot\u0101jiem, no\u0146emot noteiktus iestat\u012bjumus, izmantojot uzst\u0101d\u012b\u0161anas pal\u012bgu, t\u0101d\u0113j\u0101di ir vienk\u0101r\u0161i lietojams un darbojas \u0101tri. Un, izmantojot uzraudz\u012bbu, k\u013c\u016bst pieejams augst\u0101ks ier\u012bc\u0113\u0161anas p\u0101rvald\u012bbas iesp\u0113ju l\u012bmenis iOS un tvOS ier\u012bc\u0113m, ieskaitot neno\u0146emamu MDM.<br \/>\n\u2022 Viegl\u0101k p\u0101rvald\u012bt noklus\u0113juma MDM serverus, iestatot noklus\u0113to serveri, \u0146emot v\u0113r\u0101 ier\u012bces tipu. Varat manu\u0101li re\u0123istr\u0113t iOS ier\u012bces un izmantot Apple TV, izmantojot Apple Configurator 2, neatkar\u012bgi no ieg\u0101d\u0101\u0161an\u0101s veida.<br \/>\n<strong>3. Saturs<\/strong><br \/>\n<em>Apple biznesa mened\u017eera<\/em> aplik\u0101ciju un gr\u0101matu sada\u013ca organiz\u0101cij\u0101m \u013cauj viegl\u0101k ieg\u0101d\u0101ties lielapjoma saturu. Neatkar\u012bgi no t\u0101, vai j\u016bsu darbinieki izmanto iPhone, iPad vai Mac, varat nodro\u0161in\u0101t lielisku, izmanto\u0161anai gatavu saturu ar elast\u012bg\u0101m un dro\u0161as izplat\u012b\u0161anas iesp\u0113j\u0101m.<br \/>\n\u2022 Ieg\u0101d\u0101jieties lietotnes, gr\u0101matas un piel\u0101gotas lietotnes. Viegli p\u0101rs\u016bt\u012bt lietot\u0146u licences starp dislok\u0101cijas viet\u0101m un dal\u012bties licenc\u0113s starp pirc\u0113jiem, kuri atrodas vien\u0101 un taj\u0101 pa\u0161\u0101 viet\u0101. Varat apl\u016bkot vienotu pirkumu v\u0113stures sarakstu, ieskaitot pa\u0161reiz\u0113jo MDM izmantoto licen\u010du skaitu.<br \/>\n\u2022 Izplata lietotnes un gr\u0101matas tie\u0161i p\u0101rvald\u012btaj\u0101m ier\u012bc\u0113m vai autoriz\u0113tiem lietot\u0101jiem; viegli izsekot, k\u0101ds saturs k\u0101dam lietot\u0101jam vai ier\u012bcei pie\u0161\u0137irts. Izmantojot p\u0101rvald\u012btu izplat\u012b\u0161anu, kontrol\u0113jat visu izplat\u012b\u0161anas procesu, saglab\u0101jot piln\u012bgas lietot\u0146u \u012bpa\u0161umties\u012bbas. Un lietotnes, kur\u0101m nav nepiecie\u0161ama ier\u012bce vai lietot\u0101js var tikt atsauktas un atk\u0101rtoti pie\u0161\u0137irtas lieto\u0161anai j\u016bsu organiz\u0101cijai.<br \/>\n\u2022 Maks\u0101jiet, izmantojot vair\u0101kas nor\u0113\u0137inu iesp\u0113jas, tostarp kred\u012btkartes un pas\u016bt\u012bjuma orderus. Organiz\u0101cijas var pas\u016bt\u012bt noteikta apjoma kred\u012btu, iek\u013caujoties noteikt\u0101 summ\u0101 (ja tas ir pieejams), piesakoties Apple person\u012bgi vai Apple pilnvarotam t\u0101l\u0101kp\u0101rdev\u0113jam; summu pie\u0161\u0137ir att\u0101lin\u0101ti konta tur\u0113t\u0101jam k\u0101 veikala kred\u012btu.<br \/>\n\u2022 Izplatiet lietotni ier\u012bc\u0113m vai lietot\u0101jiem jebkur\u0101 valst\u012b, kur\u0101 lietotne ir pieejama, t\u0101d\u0113j\u0101di nodro\u0161inot daudznacion\u0101lu izplat\u012b\u0161anu. Izstr\u0101d\u0101t\u0101ji var padar\u012bt savas lietotnes pieejamas vair\u0101k\u0101s valst\u012bs, izmantojot standarta App Store public\u0113\u0161anas procesu.<br \/>\n<strong>4. Avoti<\/strong><br \/>\nApple izvieto\u0161anas programmas: <a href=\"http:\/\/deploy.apple.com\">deploy.apple.com\u2028<\/a><br \/>\nNor\u0101des par iOS izvieto\u0161anu: <a href=\"http:\/\/help.apple.com\/deployment\/ios\">help.apple.com\/deployment\/ios<\/a><br \/>\nNor\u0101des par macOS izvieto\u0161anu: <a href=\"http:\/\/help.apple.com\/deployment\/macos\">help.apple.com\/deployment\/macos <\/a><br \/>\nBiznesa IT resursi: <a href=\"http:\/\/www.apple.com\/business\/resources\">www.apple.com\/business\/resources\u2028<\/a><br \/>\nUz\u0146\u0113m\u0113jdarb\u012bbai paredz\u0113to ier\u012b\u010du re\u0123istr\u0101cijas programma: www.apple.com\/business\/dep<br \/>\nBiznesa atbalsts: <a href=\"http:\/\/www.apple.com\/support\/business\">www.apple.com\/support\/business <\/a><\/p>\n<p style=\"text-align: justify; font-size: 20px;\">1 \u2013 <strong>Apple pilnvarots B2B kan\u0101ls<\/strong> &#8211; AVAD Baltic pilnvarotie partneri, kas nodro\u0161ina ier\u012bces un pakalpojumus B2B klientiem.<br \/>\n2 \u2013 Gr\u0101matu pirk\u0161ana, izmantojot <em>Apple Business Manager<\/em>, da\u017e\u0101s valst\u012bs nav pieejama. Lai uzzin\u0101tu, kuras funkcijas un pirk\u0161anas metodes ir pieejamas, apmekl\u0113jiet vietni <a href=\"http:\/\/support.apple.com\/HT207305\">support.apple.com\/HT207305<\/a><\/p>\n<p><\/p>","protected":false},"excerpt":{"rendered":"<p>Apple biznesa mened\u017ementa p\u0101rskats partneriem 1. Kas ir Apple biznesa mened\u017eeris? Apple biznesa mened\u017eeris ir jauna platforma IT komand\u0101m, lai automatiz\u0113tu ier\u012b\u010du izvieto\u0161anu, ieg\u0101d\u0101tos un izplat\u012btu saturu, k\u0101 ar\u012b p\u0101rvald\u012btu to darb\u012bbu organiz\u0101cijas ietvaros. \u2028Vienlaikus nodro\u0161inot mobilo ier\u012b\u010du p\u0101rvald\u012bbu (MDM), Apple biznesa mened\u017eeris atvieglo re\u0123istr\u0113\u0161anas procesu, satura izvieto\u0161anu un dele\u0123\u0113 administrat\u012bv\u0101s privil\u0113\u0123ijas. Ier\u012bces re\u0123istr\u0101cijas programma &hellip; <a href=\"https:\/\/www.avadbaltic.com\/lv\/dep\/\" class=\"more-link\">Continue reading<span class=\"screen-reader-text\"> &#8220;DEP&#8221;<\/span><\/a><\/p>\n","protected":false},"author":5,"featured_media":0,"parent":0,"menu_order":0,"comment_status":"closed","ping_status":"closed","template":"","meta":{"_acf_changed":false,"footnotes":""},"class_list":["post-2391","page","type-page","status-publish","hentry"],"acf":[],"_links":{"self":[{"href":"https:\/\/www.avadbaltic.com\/lv\/wp-json\/wp\/v2\/pages\/2391","targetHints":{"allow":["GET"]}}],"collection":[{"href":"https:\/\/www.avadbaltic.com\/lv\/wp-json\/wp\/v2\/pages"}],"about":[{"href":"https:\/\/www.avadbaltic.com\/lv\/wp-json\/wp\/v2\/types\/page"}],"author":[{"embeddable":true,"href":"https:\/\/www.avadbaltic.com\/lv\/wp-json\/wp\/v2\/users\/5"}],"replies":[{"embeddable":true,"href":"https:\/\/www.avadbaltic.com\/lv\/wp-json\/wp\/v2\/comments?post=2391"}],"version-history":[{"count":66,"href":"https:\/\/www.avadbaltic.com\/lv\/wp-json\/wp\/v2\/pages\/2391\/revisions"}],"predecessor-version":[{"id":2566,"href":"https:\/\/www.avadbaltic.com\/lv\/wp-json\/wp\/v2\/pages\/2391\/revisions\/2566"}],"wp:attachment":[{"href":"https:\/\/www.avadbaltic.com\/lv\/wp-json\/wp\/v2\/media?parent=2391"}],"curies":[{"name":"wp","href":"https:\/\/api.w.org\/{rel}","templated":true}]}}