{"id":2156,"date":"2018-05-22T12:45:54","date_gmt":"2018-05-22T12:45:54","guid":{"rendered":"https:\/\/www.avadbaltic.com\/?page_id=2156"},"modified":"2025-01-27T17:09:29","modified_gmt":"2025-01-27T15:09:29","slug":"privacy-policy","status":"publish","type":"page","link":"https:\/\/www.avadbaltic.com\/lv\/privacy-policy\/","title":{"rendered":"UAB \u201cAVAD Baltic\u201d priv\u0101tuma politika"},"content":{"rendered":"<p>2020. gada 7. apr\u012blis redakcija<\/p>\n<p><strong>1. Visp\u0101r\u0113jie noteikumi<\/strong><\/p>\n<p>\u0160is dokuments (turpm\u0101k \u2013 Priv\u0101tuma politika) nosaka galvenos UAB \u201cAVAD Baltic\u201d, (dati tiek uzkr\u0101ti LR Juridisko personu re\u0123istr\u0101, juridisk\u0101s personas kods \u2013 301060619, m\u012btnes adrese \u2013 Raudondvario pl. 131B, LT-47191 Kau\u0146a, Lietuva, e-pasta adrese \u2013 info@avad.lt) (turpm\u0101k \u2013 \u201c<strong>Sabiedr\u012bba\u201d<\/strong>) veikt\u0101s J\u016bsu (Klienta) Personas datu v\u0101k\u0161anas, apstr\u0101des un glab\u0101\u0161anas principus.<\/p>\n<p>Priv\u0101tuma politika paredz\u0113ta, lai pasarg\u0101tu Klienta personas datus no nele\u0123it\u012bmas izmanto\u0161anas.<\/p>\n<p>Apstr\u0101d\u0101jot Personas datus, iev\u0113rojam Regulas, Lietuvas Republikas Personas datu tiesisk\u0101s aizsardz\u012bbas likuma, Lietuvas Republikas Elektronisko sakaru likuma un citu tie\u0161i piem\u0113rojamu normat\u012bvo aktu, kas reglament\u0113 Personas datu aizsardz\u012bbu, k\u0101 ar\u012b kompetentu instit\u016bciju nor\u0101d\u012bjumus un rekomend\u0101cijas.<\/p>\n<p><strong>2. Priv\u0101tuma politikas j\u0113dzieni<\/strong><\/p>\n<p><strong>Personas dati <\/strong>\u2013 jebkura inform\u0101cija, kas saist\u012bta ar fizisku personu \u2013 datu subjektu, kura identit\u0101te ir zin\u0101ma vai var b\u016bt tie\u0161i vai netie\u0161i noteikta, izmantojot attiec\u012bgos datus;<\/p>\n<p><strong>Klients<\/strong> \u2013 jebkura persona, kura pas\u016bta, p\u0113rk vai izmanto m\u016bsu Pakalpojumus, vai kura izteikusi nodomu izmantot vai jebk\u0101d\u0101 veid\u0101 izmanto Sabiedr\u012bbas pakalpojumus, v\u0113las pirkt vai p\u0113rk Sabiedr\u012bbas preces un \/ vai cit\u0101d\u0101 veid\u0101 ir saist\u012bta ar Sabiedr\u012bbas sniegtajiem pakalpojumiem vai prec\u0113m.<\/p>\n<p><strong>Apstr\u0101de \u2013 <\/strong>jebk\u0101da ar Personas datiem veicama oper\u0101cija (ieskaitot v\u0101k\u0161anu, ierakst\u012b\u0161anu, glab\u0101\u0161anu, main\u012b\u0161anu, piek\u013cuves snieg\u0161anu, piepras\u012bjumu iesnieg\u0161anu, nodo\u0161anu u.c.).<\/p>\n<p><strong>Pieteik\u0161an\u0101s dati<\/strong> \u2013 interneta protokola (IP) adrese un interneta pakalpojumu sniedz\u0113js, kas tiek izmantots, lai ier\u012bci piesl\u0113gtu internetam, p\u0101rl\u016bka tips un versija, laika zonas iestat\u012bjumi, p\u0101rl\u016bka papla\u0161in\u0101juma tips un versija, oper\u0113t\u0101jsist\u0113ma un platforma, pieteik\u0161an\u0101s vieta, \u0161rifta kod\u0113jums, visa univers\u0101l\u0101 adrese (<em>angl.<\/em>Uniform Resource Locator (URL)), J\u016bsu apl\u016bkotie produkti.<\/p>\n<p><strong>Regula \u2013 <\/strong>2016. gada 27. apr\u012b\u013ca Eiropas Parlamenta un Padomes Regula (ES) 2016\/679 \u201cPar fizisku personu aizsardz\u012bbu attiec\u012bb\u0101 uz personas datu apstr\u0101di un \u0161\u0101du datu br\u012bvu apriti un ar ko atce\u013c Direkt\u012bvu 95\/46\/EK (Visp\u0101r\u012bg\u0101 datu aizsardz\u012bbas regula)\u201c.<\/p>\n<p><strong>3. Personas datu apstr\u0101des principi<\/strong><\/p>\n<p>Sabiedr\u012bba sav\u0101 darb\u012bb\u0101 vad\u0101s p\u0113c \u0161iem galvenajiem Personas datu apstr\u0101des principiem:<br \/>\n&#8211; Personas dati tiek v\u0101kti noteiktiem un likum\u012bgiem m\u0113r\u0137iem.<br \/>\n&#8211; Personas dati tiek apstr\u0101d\u0101ti m\u0113r\u0137tiec\u012bgi un apzin\u012bgi.<br \/>\n&#8211; Personas dati tiek apstr\u0101d\u0101ti likum\u012bgi, t. i., tikai t\u0101dos gad\u012bjumos, kad:<br \/>\na) Personas datu subjekts dod piekri\u0161anu, piem., par rekl\u0101mas inform\u0101cijas sa\u0146em\u0161anu;<br \/>\nb) tiek nosl\u0113gts vai pild\u012bts l\u012bgums, ja viena no pus\u0113m ir Personas datu subjekts;<br \/>\nc) Sabiedr\u012bbai ir pien\u0101kums apstr\u0101d\u0101t Personas datus saska\u0146\u0101 ar likumiem;<br \/>\nd) Personas dati j\u0101apstr\u0101d\u0101 likum\u012bgu intere\u0161u d\u0113\u013c, p\u0113c kur\u0101m tiecas Sabiedr\u012bba vai tre\u0161\u0101 persona, kurai tiek sniegti personas dati, un, ja datu subjekta intereses nav svar\u012bg\u0101kas.<br \/>\n&#8211; Personas dati past\u0101v\u012bgi tiek atjaunin\u0101ti.<br \/>\n&#8211; Personas dati netiek glab\u0101ti ilg\u0101k, nek\u0101 to prasa noteiktie datu apstr\u0101des m\u0113r\u0137i.<br \/>\n&#8211; Personas datus apstr\u0101d\u0101 tikai t\u0101di darbinieki, kuriem ir pie\u0161\u0137irtas \u0161\u0101das ties\u012bbas.<br \/>\n&#8211; Visa inform\u0101cija par apstr\u0101d\u0101jamajiem Personas datiem ir konfidenci\u0101la.<\/p>\n<p><strong>4. V\u0101cam\u0101s inform\u0101cijas raksturs<\/strong><\/p>\n<p>Atkar\u012bb\u0101 no sniedzamo pre\u010du \/ pakalpojumu rakstura Sabiedr\u012bba var v\u0101kt \u0161\u0101dus Klienta datus:<br \/>\n<strong> &#8211; galven\u0101 Klienta inform\u0101cija<\/strong>: v\u0101rds, uzv\u0101rds, personas kods, adrese, personas dokumenta kopija (ja iesniegta) un dati, t\u0101lru\u0146a numurs, e-pasta adrese;<br \/>\n<strong> &#8211; inform\u0101cija par Klienta ieg\u0101d\u0101taj\u0101m<\/strong><strong>prec\u0113m \/ pakalpojumiem<\/strong>: inform\u0101cija par izv\u0113l\u0113tajiem\/ sniegtajiem pakalpojumiem un to izmanto\u0161anas ilgums, ar pre\u010du pakalpojumu kvalit\u0101tes nov\u0113rt\u0113jumu saist\u012bta inform\u0101cija, inform\u0101cija par pre\u010du atpaka\u013catdo\u0161anu, garantijas apkalpo\u0161anu u.tml., dati par Klienta maks\u0101tsp\u0113jas riska v\u0113rt\u0113jumu;<br \/>\n<strong> &#8211; inform\u0101cija par nor\u0113\u0137in\u0101\u0161anos par prec\u0113m \/ pakalpojumiem<\/strong>: Klientam iesniedzamo r\u0113\u0137inu dati, dati par Klientu vai citu personu iemaks\u0101m, inform\u0101cija par par\u0101da p\u0101rvald\u012b\u0161anu (ieskaitot datu nodo\u0161anu tre\u0161aj\u0101m person\u0101m);<br \/>\n<strong> &#8211; inform\u0101cija par Klienta piekri\u0161anu attiec\u012bb\u0101 uz tie\u0161o m\u0101rketingu<\/strong>: inform\u0101cija par Klienta sniegto piekri\u0161anu \/ nepiekri\u0161anu par rekl\u0101mas (jaunumi, programmas pied\u0101v\u0101jumi, akcijas un tml.) inform\u0101cijas sa\u0146em\u0161anu, piedal\u012b\u0161anos sabiedrisk\u0101s domas izp\u0113t\u0113, datu izmanto\u0161anu, Klienta datu snieg\u0161anu tre\u0161aj\u0101m person\u0101m, k\u0101 ar\u012b par piekri\u0161anu veikt maks\u0101tnesp\u0113jas riska nov\u0113rt\u0113jumu;<br \/>\n<strong> &#8211; komunik\u0101cijas un Klientu apkalpo\u0161anas inform\u0101cija<\/strong>: dati par Sabiedr\u012bbas t\u012bmek\u013ca viet\u0146u un pa\u0161apkalpo\u0161an\u0101s viet\u0146u apmekl\u0113\u0161anu (tiek sav\u0101kta, izmantojot s\u012bkfailus un l\u012bdz\u012bgas tehnolo\u0123ijas); telefona sarunu ieraksti, zvanot Sabiedr\u012bbas p\u0101rst\u0101vjiem, sarakstes ar Sabiedr\u012bbu inform\u0101cija (caur pa\u0161apkalpo\u0161an\u0101s vietni, e-pasta adresi, piel\u0101gotas programmas un tml.), Klienta v\u0113r\u0161an\u0101s un Sabiedr\u012bbas atbildes par apl\u016bkojamajiem jaut\u0101jumiem;<br \/>\n<strong> &#8211; citi dati<\/strong>: balvu ieguv\u0113ju inform\u0101cija, inform\u0101cija par aptaujas dal\u012bbniekiem, jaunumu bi\u013cetenu abon\u0113t\u0101ji.<\/p>\n<p><strong>5. Datu apstr\u0101des m\u0113r\u0137i<\/strong><\/p>\n<p>V\u0101camos datus Sabiedr\u012bba izmanto, lai var\u0113tu sniegt Jums savus pakalpojumus \/ preces, k\u0101 ar\u012b sniegt pal\u012bdz\u012bbu, nos\u016bt\u012bt pazi\u0146ojumus, pied\u0101v\u0101jumus un inform\u0101ciju par akcij\u0101m, pasarg\u0101t savas un tre\u0161o pu\u0161u ties\u012bbas un intereses, vad\u012bties no piem\u0113rojamajiem ties\u012bbu aktiem.<\/p>\n<p>Inform\u0101cijas apstr\u0101des m\u0113r\u0137i:<br \/>\n&#8211; l\u012bguma nosl\u0113g\u0161anai un izpildei (pre\u010du \/ pakalpojumu snieg\u0161anai), to kvalit\u0101tes nodro\u0161in\u0101\u0161anai un Klientu apkalpo\u0161anai un inform\u0101cijas snieg\u0161anai;<br \/>\n&#8211; tie\u0161ajam m\u0101rketingam un visp\u0101r\u0113jai inform\u0113\u0161anai par jauniem produktiem un pakalpojumiem (ja neesat atteiku\u0161ies no \u0161\u0101diem pazi\u0146ojumiem);<br \/>\n&#8211; gr\u0101matved\u012bbas uzskaitei;<br \/>\n&#8211; juridisko saist\u012bbu izpildei, piem\u0113ram, par\u0101da p\u0101rvald\u012b\u0161anai un piedzi\u0146ai;<br \/>\n&#8211; Sabiedr\u012bbas interneta vietnes administr\u0113\u0161anai un pilnveido\u0161anai, t\u0101s dro\u0161\u012bbas saglab\u0101\u0161anai un nodro\u0161in\u0101\u0161anai, lai saturs J\u016bsu ier\u012bc\u0113 tiktu sniegts pa\u0161\u0101 efekt\u012bv\u0101kaj\u0101 veid\u0101;<br \/>\n&#8211; ties\u012bbu aktos paredz\u0113to saist\u012bbu izpildei;<br \/>\n&#8211; <strong>citiem m\u0113r\u0137iem, kuriem Sabiedr\u012bbai ir ties\u012bbas apstr\u0101d\u0101t J\u016bsu Personas datus, ja J\u016bs izsak\u0101t savu piekri\u0161anu, ja datus nepiecie\u0161ams apstr\u0101d\u0101t Sabiedr\u012bbas likum\u012bgo intere\u0161u d\u0113\u013c vai apstr\u0101d\u0101t datus Sabiedr\u012bbai uzliek par pien\u0101kumu attiec\u012bgie normat\u012bvie akti. <\/strong>M\u0113s varam apstr\u0101d\u0101t Personas datus ar\u012b citiem m\u0113r\u0137iem, ja tam esam sa\u0146\u0113mu\u0161i datu subjekta piekri\u0161anu vai datus mums ir ties\u012bbas apstr\u0101d\u0101t uz likum\u012bgu intere\u0161u pamata.<\/p>\n<p><strong>6. Datu sav\u0101k\u0161anas veidi<\/strong><\/p>\n<p>Inform\u0101ciju par Jums m\u0113s v\u0101cam \u0161\u0101dos veidos:<br \/>\n&#8211; Ja inform\u0101ciju Sabiedr\u012bbai sniedzat pa\u0161i (piem., pildot Sabiedr\u012bbas pieteikumus, l\u012bgumus un \/ vai citus dokumentus (ieskaitot ar m\u016bsu partneru starpniec\u012bbu), m\u016bsu interneta vietn\u0113 elektronisk\u0101 veid\u0101, iesniedzot piepras\u012bjumus, pa pastu, e-pastu, t\u0101lruni, tie\u0161u videosarunu laik\u0101, citiem sakaru l\u012bdzek\u013ciem);<br \/>\n&#8211; Ja inform\u0101ciju par Jums m\u0113s ieg\u016bstam no tre\u0161aj\u0101m pus\u0113m, ar kur\u0101m sadarbojamies (piem., partneri, valsts instit\u016bcijas un tml.);<br \/>\n&#8211; Ja inform\u0101ciju par Jums m\u016bsu vietn\u0113s, izmantojot s\u012bkdatnes. Pakalpojuma lietot\u0101ja dator\u0101 saglab\u0101t\u0101s s\u012bkdatnes ir nelielas teksta datnes, kuras var izmantot t\u012bmek\u013ca vietn\u0113s, lai personaliz\u0113tu saturu un rekl\u0101mu, nodro\u0161in\u0101tu piek\u013cuvi aizsarg\u0101jamaj\u0101m zon\u0101m, soci\u0101lo mediju funkcij\u0101m, analiz\u0113tu datu pl\u016bsmu un aizsarg\u0101tu m\u016bs un pakalpojumu lietot\u0101jus no kiberdro\u0161\u012bbas draudiem. M\u0113s dr\u012bkstam saglab\u0101t s\u012bkdatnes j\u016bsu ier\u012bc\u0113 tikai tad, ja t\u0101s ir nepiecie\u0161amas \u0161\u012bs vietnes darb\u012bbai. Visu citu tipu s\u012bkdat\u0146u izmanto\u0161anai mums j\u0101sa\u0146em j\u016bsu at\u013cauja.<\/p>\n<p>Lai vietni b\u016btu viegl\u0101k izmantot, nepiecie\u0161am\u0101s s\u012bkdatnes aktiviz\u0113 galven\u0101s funkcijas, piem\u0113ram, lap\u0101s atlas\u012btos valodas iestat\u012bjumus, piek\u013cuvi vietnes aizsarg\u0101jamaj\u0101m zon\u0101m utt. Bez \u0161\u012bm s\u012bkdatn\u0113m vietne nedarbosies pareizi.<\/p>\n<p>Nepiecie\u0161am\u0101s s\u012bkdatnes:<\/p>\n<hr \/>\n<p><img loading=\"lazy\" decoding=\"async\" class=\"alignnone wp-image-3034\" src=\"https:\/\/www.avadbaltic.com\/wp-content\/uploads\/2020\/05\/LV.png\" alt=\"\" width=\"912\" height=\"570\" srcset=\"https:\/\/www.avadbaltic.com\/wp-content\/uploads\/2020\/05\/LV.png 2268w, https:\/\/www.avadbaltic.com\/wp-content\/uploads\/2020\/05\/LV-300x188.png 300w, https:\/\/www.avadbaltic.com\/wp-content\/uploads\/2020\/05\/LV-768x481.png 768w, https:\/\/www.avadbaltic.com\/wp-content\/uploads\/2020\/05\/LV-1024x641.png 1024w, https:\/\/www.avadbaltic.com\/wp-content\/uploads\/2020\/05\/LV-1200x751.png 1200w\" sizes=\"auto, (max-width: 709px) 85vw, (max-width: 909px) 67vw, (max-width: 1362px) 62vw, 840px\" \/><\/p>\n<hr \/>\n<p>Jums ir ar\u012b citi veidi, k\u0101 kontrol\u0113t datus, ko v\u0101c papildu s\u012bkdatnes, t\u012bmek\u013ca indikatori un l\u012bdz\u012bgas tehnolo\u0123ijas, piem\u0113ram, varat izmantot p\u0101rl\u016bkprogrammas iestat\u012bjumus, lai ierobe\u017eotu tre\u0161o pu\u0161u s\u012bkdat\u0146u izmanto\u0161anu vai t\u0101s piln\u012bb\u0101 atsp\u0113jotu.<\/p>\n<p>Pla\u0161\u0101ku inform\u0101ciju par to, k\u0101 j\u016bsu apmekl\u0113t\u0101s t\u012bmek\u013ca vietnes var izmantot s\u012bkdatnes, un atsaukt piekri\u0161anu, dz\u0113\u0161ot vai blo\u0137\u0113jot s\u012bkdatnes, tie\u0161i sav\u0101 t\u012bmek\u013ca p\u0101rl\u016bkprogramm\u0101, varat atrast publiski pieejamos tie\u0161saistes resursos, piem\u0113ram:<\/p>\n<p><a href=\"http:\/\/www.allaboutcookies.org\/manage-cookies\/stop-cookies-installed.html\">http:\/\/www.allaboutcookies.org\/manage-cookies\/stop-cookies-installed.html<\/a><br \/>\n<a href=\"http:\/\/www.consilium.europa.eu\/lv\/about-site\/cookies\/\">http:\/\/www.consilium.europa.eu\/lv\/about-site\/cookies\/<\/a><br \/>\n<a href=\"https:\/\/support.google.com\/chrome\/answer\/95647?co=GENIE.Platform%3DDesktop&amp;hl=lv\">https:\/\/support.google.com\/chrome\/answer\/95647?co=GENIE.Platform%3DDesktop&amp;hl=lv<\/a><br \/>\n<a href=\"https:\/\/support.microsoft.com\/lv-lv\/help\/17442\/windows-internet-explorer-delete-manage-cookies\">https:\/\/support.microsoft.com\/lv-lv\/help\/17442\/windows-internet-explorer-delete-manage-cookies<\/a>.<\/p>\n<p><strong>7. Datu apstr\u0101des ilgums<\/strong><\/p>\n<p>Sabiedr\u012bba Personas datus apstr\u0101d\u0101 tikai tik ilgi, cik tas nepiecie\u0161ams \u0161aj\u0101 Priv\u0101tuma politik\u0101 nor\u0101d\u012bto m\u0113r\u0137u sasnieg\u0161anai un \u012bsteno\u0161anai, iev\u0113rojot Klientiem sniedzamo pre\u010du \/ pakalpojumu un ar vi\u0146iem sl\u0113dzamo l\u012bgumu raksturu, iz\u0146emot gad\u012bjumus, kad gar\u0101ks Personas datu un saist\u012bto dokumentu glab\u0101\u0161anas termi\u0146\u0161 ir noteikts vai at\u013cauts saska\u0146\u0101 ar piem\u0113rojamajiem normat\u012bvajiem aktiem un tas ir nepiecie\u0161ams (piem., oblig\u0101ti dokumentu glab\u0101\u0161anas termi\u0146i, pras\u012bbas noilguma termi\u0146\u0161 u.c.).<\/p>\n<p><strong>8. Datu nodo\u0161ana<\/strong><\/p>\n<p>Priv\u0101tuma politik\u0101 noteikto m\u0113r\u0137u sasnieg\u0161anai Sabiedr\u012bba J\u016bsu datus var nodot \u0161\u0101diem datu sa\u0146\u0113m\u0113jiem:<br \/>\n<strong> &#8211; Datu apstr\u0101d\u0101t\u0101jiem<\/strong>, kuri sniedz pakalpojumus un k\u0101rto J\u016bsu datus Sabiedr\u012bbas v\u0101rd\u0101, interes\u0113s un p\u0113c Sabiedr\u012bbas pas\u016bt\u012bjuma (piem., IT pakalpojumu sniedz\u0113ji, auditori, konsultanti un tml.). Datu apstr\u0101d\u0101t\u0101ji apstr\u0101d\u0101 J\u016bsu Personas datus tikai saska\u0146\u0101 ar skaidri sniegtiem nor\u0101d\u012bjumiem, ap\u0146emoties nodro\u0161in\u0101t pien\u0101c\u012bgu no Sabiedr\u012bbas apstr\u0101d\u0101t sa\u0146emamu Personas datu aizsardz\u012bbu, konfidencialit\u0101ti un dro\u0161\u012bbas pras\u012bb\u0101m atbilsto\u0161us organizatoriskus un tehniskus l\u012bdzek\u013cus, k\u0101 tas konkr\u0113ti nor\u0101d\u012bts l\u012bgumos, kas nosl\u0113gti starp Sabiedr\u012bbu un apak\u0161uz\u0146\u0113m\u0113jiem par datu apstr\u0101di.<br \/>\n<strong> &#8211; Subjektiem, kas nodarbojas ar par\u0101du un par\u0101dnieku datu b\u0101zes administr\u0113\u0161anu<\/strong>. Dati tiek sniegti tikai normat\u012bvo aktu at\u013caut\u0101 apjom\u0101, iev\u0113rojot normat\u012bvo aktu noteiktos nosac\u012bjumus.<br \/>\n<strong> &#8211; Subjektiem, kam ir ties\u012bbas sa\u0146emt inform\u0101ciju saska\u0146\u0101 ar normat\u012bvo aktu pras\u012bb\u0101m (piem., ties\u0101m, valsts un pa\u0161vald\u012bbu instit\u016bcij\u0101m un tml.)<\/strong>, tikai t\u0101d\u0101 apjom\u0101, cik tas nepiecie\u0161ams nol\u016bk\u0101 pien\u0101c\u012bgi pild\u012bt sp\u0113k\u0101 eso\u0161os normat\u012bvos aktus.<br \/>\n<strong> &#8211; ACME Grupas uz\u0146\u0113mumiem, ja tas nepiecie\u0161ams pien\u0101c\u012bgas pakalpojumu snieg\u0161anas nodro\u0161in\u0101\u0161anai. <\/strong><br \/>\n<strong> &#8211; Cit\u0101m tre\u0161aj\u0101m person\u0101m<\/strong>uz cita le\u0123it\u012bma pamata vai ar J\u016bsu piekri\u0161anu, ko var sa\u0146emt konkr\u0113tam gad\u012bjumam.<\/p>\n<p><strong>9. K\u0101das ir J\u016bsu ties\u012bbas? <\/strong><\/p>\n<p>Klientam ir \u0161\u0101das ties\u012bbas:<br \/>\n&#8211; sazin\u0101ties ar mums un apspriest radu\u0161os jaut\u0101jumus par Sabiedr\u012bbas veikto Personas datu apstr\u0101di;<br \/>\n&#8211; sa\u0146emt no Sabiedr\u012bbas apstiprin\u0101jumu, vai ar vi\u0146u saist\u012btie Personas dati tiek apstr\u0101d\u0101ti, bet, ja \u0161\u0101di Personas dati tiek apstr\u0101d\u0101ti, ir ties\u012bbas iepaz\u012bties ar apstr\u0101d\u0101jamajiem Personas datiem un ar inform\u0101ciju, kas saist\u012bta ar tiem;<br \/>\n&#8211; sa\u0146emt pa\u0161as personas iesniegtos Personas datus, kuri tiek apstr\u0101d\u0101ti uz vi\u0146as piekri\u0161anas vai l\u012bguma izpildes pamata, rakstiski vai visp\u0101rlietojam\u0101 elektronisk\u0101 form\u0101t\u0101 un, ja iesp\u0113jams, l\u016bgt nodot \u0161\u0101dus datus citam pakalpojumu sniedz\u0113jam;<br \/>\n&#8211; pras\u012bt izlabot savus personas datus, ja dati ir neprec\u012bzi, vai papildin\u0101t nepietiekami pla\u0161os datus;<br \/>\n&#8211; pras\u012bt dz\u0113st savus k\u0101 Sabiedr\u012bbas Klienta Personas datus, kuri tiek apstr\u0101d\u0101ti ar Klienta piekri\u0161anu, ja Klients atsauc attiec\u012bgo piekri\u0161anu. \u0160\u012bs ties\u012bbas netiek piem\u0113rotas, ja Klienta Personas dati, kurus tiek l\u016bgts dz\u0113st, tiek apstr\u0101d\u0101ti ar\u012b uz cita tiesiska pamata, t\u0101da k\u0101 apstr\u0101de, kas nepiecie\u0161ama l\u012bguma izpildei vai ir pien\u0101kuma izpilde saska\u0146\u0101 ar piem\u0113rojamajiem normat\u012bvajiem aktiem;<br \/>\n&#8211; pras\u012bt ierobe\u017eot savu Personas datu apstr\u0101di, piem., uz laika periodu, kur\u0101 Sabiedr\u012bba izanaliz\u0113s, vai Klients ir ties\u012bgs pras\u012bt un praktiski ir iesp\u0113jams, ka vi\u0146a Personas dati tiktu dz\u0113sti;<br \/>\n&#8211; nepiekrist, ka tiktu apstr\u0101d\u0101ti Klienta Personas dati, lai sasniegtu likum\u012bgas Sabiedr\u012bbas vai tre\u0161o pu\u0161u intereses, ja Personas datu apstr\u0101des pamats ir likum\u012bgas intereses, k\u0101 ar\u012b t\u0101d\u0101 gad\u012bjum\u0101, ja Personas dati tiek apstr\u0101d\u0101ti tie\u0161\u0101 m\u0101rketinga m\u0113r\u0137iem, ieskaitot \u0161aj\u0101 nol\u016bk\u0101 veiktu profil\u0113\u0161anu;<br \/>\n&#8211; nepiekrist, ka personai tiktu piem\u0113rots piln\u012bgi automatiz\u0113ts l\u0113mums, ieskaitot profil\u0113\u0161anu, ja \u0161\u0101dai l\u0113mumu pie\u0146em\u0161anai ir tiesiskas sekas vai l\u012bdz\u012bga noz\u012bm\u012bga ietekme uz Klientu. \u0160\u012bs ties\u012bbas netiek piem\u0113rotas t\u0101d\u0101 gad\u012bjum\u0101, ja \u0161\u0101da l\u0113mumu pie\u0146em\u0161ana ir nepiecie\u0161ama l\u012bguma ar Klientu nosl\u0113g\u0161anas vai izpildes nol\u016bk\u0101, ir at\u013cauta saska\u0146\u0101 ar piem\u0113rojamajiem normat\u012bvajiem aktiem vai Klients tam ir devis nep\u0101rprotamu piekri\u0161anu;<br \/>\n&#8211; atsaukt savu piekri\u0161anu apstr\u0101d\u0101t Personas datus.<\/p>\n<p>Klients savas ties\u012bbas \u012bsteno, iesniedzot konkr\u0113tu iesniegumu, nos\u016btot to uz \u0161aj\u0101 Priv\u0101tuma politik\u0101 nor\u0101d\u012btajiem kontaktiem. Klientiem inform\u0101cija, kas saist\u012bta ar vi\u0146u ties\u012bbu \u012bsteno\u0161anu, tiek sniegta bez maksas. Sabiedr\u012bba ne v\u0113l\u0101k k\u0101 1 m\u0113ne\u0161a laik\u0101 no iesnieguma sa\u0146em\u0161anas sniedz Klientam inform\u0101ciju par darb\u012bb\u0101m, kuras veiktas, sa\u0146emot Klienta l\u016bgumu par vi\u0146a ties\u012bbu \u012bsteno\u0161anu, vai nor\u0101da darb\u012bbu neveik\u0161anas iemeslus.<\/p>\n<p>Laika posms pras\u012bt\u0101s inform\u0101cijas snieg\u0161anai nepiecie\u0161am\u012bbas gad\u012bjum\u0101 var tikt pagarin\u0101ts v\u0113l par 2 m\u0113ne\u0161iem, iev\u0113rojot l\u016bgumu sare\u017e\u0123\u012bt\u012bbu un skaitu. Ja Klients iesniegumu iesniedz elektronisk\u0101 form\u0101t\u0101, inform\u0101cija vi\u0146am ar\u012b tiek sniegta ar elektroniskiem l\u012bdzek\u013ciem.<\/p>\n<p>No Klienta sa\u0146emto iesniegumu par ties\u012bbu \u012bsteno\u0161anu var atteikties izskat\u012bt vai par to \u0146emt attiec\u012bgu maksu, ja l\u016bgums ir nep\u0101rprotami nepamatots vai p\u0101rm\u0113r\u012bgs, k\u0101 ar\u012b citos normat\u012bvos aktos noteiktos gad\u012bjumos.<\/p>\n<p>Ja Klients uzskata, ka vi\u0146a Personas dati tiek apstr\u0101d\u0101ti, p\u0101rk\u0101pjot vi\u0146a ties\u012bbas un likum\u012bg\u0101s intereses saska\u0146\u0101 ar piem\u0113rojamajiem normat\u012bvajiem aktiem, Klientam ir j\u0101iesniedz s\u016bdz\u012bba par Personas datu apstr\u0101di Valsts datu aizsardz\u012bbas inspekcij\u0101.<\/p>\n<p><strong>10. Priv\u0101tuma politikas atjaunin\u0101\u0161ana<\/strong><\/p>\n<p>Ja rodas nepiecie\u0161am\u012bba, Priv\u0101tuma politiku var atjaunin\u0101t. Ja Priv\u0101tuma politika tiks groz\u012bta, inform\u0101cija tiks public\u0113ta www.avadbaltic.com.<\/p>\n<p><strong>11. Kontaktinform\u0101cija <\/strong><\/p>\n<p>Laipni l\u016bdzam v\u0113rsties, ja ir jaut\u0101jumi, l\u016bgumi vai piez\u012bmes par Sabiedr\u012bbas Priv\u0101tuma politiku vai datu apstr\u0101di, rakstot uz e-pasta adresi info@avad.lt.<\/p>\n<p><strong>12. Cita inform\u0101cija<\/strong><\/p>\n<p>Sabiedr\u012bbas vietn\u0113 un produktos var b\u016bt nor\u0101des uz tre\u0161o pu\u0161u vietn\u0113m. \u0160\u012bs tre\u0161o pu\u0161u interneta vietnes piem\u0113ro savu priv\u0101tuma politiku. Ja apmekl\u0113jat \u0161\u012bs interneta vietnes, Jums tiks piem\u0113rota to attiec\u012bg\u0101 politika.<\/p>","protected":false},"excerpt":{"rendered":"<p>2020. gada 7. apr\u012blis redakcija 1. Visp\u0101r\u0113jie noteikumi \u0160is dokuments (turpm\u0101k \u2013 Priv\u0101tuma politika) nosaka galvenos UAB \u201cAVAD Baltic\u201d, (dati tiek uzkr\u0101ti LR Juridisko personu re\u0123istr\u0101, juridisk\u0101s personas kods \u2013 301060619, m\u012btnes adrese \u2013 Raudondvario pl. 131B, LT-47191 Kau\u0146a, Lietuva, e-pasta adrese \u2013 info@avad.lt) (turpm\u0101k \u2013 \u201cSabiedr\u012bba\u201d) veikt\u0101s J\u016bsu (Klienta) Personas datu v\u0101k\u0161anas, apstr\u0101des un &hellip; <a href=\"https:\/\/www.avadbaltic.com\/lv\/privacy-policy\/\" class=\"more-link\">Continue reading<span class=\"screen-reader-text\"> &#8220;UAB \u201cAVAD Baltic\u201d priv\u0101tuma politika&#8221;<\/span><\/a><\/p>\n","protected":false},"author":5,"featured_media":0,"parent":0,"menu_order":0,"comment_status":"closed","ping_status":"closed","template":"","meta":{"_acf_changed":false,"footnotes":""},"class_list":["post-2156","page","type-page","status-publish","hentry"],"acf":[],"_links":{"self":[{"href":"https:\/\/www.avadbaltic.com\/lv\/wp-json\/wp\/v2\/pages\/2156","targetHints":{"allow":["GET"]}}],"collection":[{"href":"https:\/\/www.avadbaltic.com\/lv\/wp-json\/wp\/v2\/pages"}],"about":[{"href":"https:\/\/www.avadbaltic.com\/lv\/wp-json\/wp\/v2\/types\/page"}],"author":[{"embeddable":true,"href":"https:\/\/www.avadbaltic.com\/lv\/wp-json\/wp\/v2\/users\/5"}],"replies":[{"embeddable":true,"href":"https:\/\/www.avadbaltic.com\/lv\/wp-json\/wp\/v2\/comments?post=2156"}],"version-history":[{"count":204,"href":"https:\/\/www.avadbaltic.com\/lv\/wp-json\/wp\/v2\/pages\/2156\/revisions"}],"predecessor-version":[{"id":3701,"href":"https:\/\/www.avadbaltic.com\/lv\/wp-json\/wp\/v2\/pages\/2156\/revisions\/3701"}],"wp:attachment":[{"href":"https:\/\/www.avadbaltic.com\/lv\/wp-json\/wp\/v2\/media?parent=2156"}],"curies":[{"name":"wp","href":"https:\/\/api.w.org\/{rel}","templated":true}]}}