{"id":4,"date":"2017-02-23T17:11:15","date_gmt":"2017-02-23T17:11:15","guid":{"rendered":"http:\/\/localhost\/avad-be\/?page_id=4"},"modified":"2024-06-28T07:51:49","modified_gmt":"2024-06-28T07:51:49","slug":"about-company","status":"publish","type":"page","link":"https:\/\/www.avadbaltic.com\/en\/homepage\/about-company\/","title":{"rendered":"About the company"},"content":{"rendered":"<p>\u201cAVAD Baltic\u201d UAB is an Apple Authorized Distributor and is responsible for the consistent growth of the \u201cApple\u201d brand in the Baltic States as well as the development of the Apple Authorised Reseller and Service Provider network.<\/p>\n<p>The team of AVAD Baltic actively participates in the adaptation and implementation of Apple technologies by helping to raise the qualifications of business and education sector specialists, along with training and consulting professionals on how to use state-of-the-art Apple technologies.<\/p>\n<p>Established in 2007, \u201cAVAD Baltic\u201d UAB is one of the companies in the Lithuanian-capital ACME Grup\u0117. More information is available at <a href=\"http:\/\/www.acmegrupe.lt\">www.acmegrupe.lt<\/a>.<\/p>\n<p>Our priority is to be a responsible business.<\/p>\n<p>The Acme Grup\u0117 Code of Conduct provides guidelines to help put Acme Grup\u0117 values into practice and to ensure compliance with Acme Grup\u0117 internal rules and the highest standards of business ethics.<\/p>\n<p>This enables us to develop long-term relationships with our customers and partners, to ensure the quality of our products and services, and to promote the best in our people. For more information on the Code of Conduct, please download the attached document.<\/p>\n<p>We strive not only to comply with the minimum legal requirements, our priority is to be responsible business. By ensuring that all Acm\u0117 Grup\u0117 companies adhere to the values and general principles of the Acm\u0117 Grup\u0117 we want to be the first to notice and be informed of possible breaches of the law by our employees in the course of their business activities in Lithuania or abroad.<\/p>\n<p>Please report any such observations to <a href=\"mailto:compliance@acme.lt\">compliance@acme.lt<\/a>. We assure you that your reports will be promptly and thoroughly investigated.<\/p>","protected":false},"excerpt":{"rendered":"<p>\u201cAVAD Baltic\u201d UAB is an Apple Authorized Distributor and is responsible for the consistent growth of the \u201cApple\u201d brand in the Baltic States as well as the development of the Apple Authorised Reseller and Service Provider network. The team of AVAD Baltic actively participates in the adaptation and implementation of Apple technologies by helping to &hellip; <a href=\"https:\/\/www.avadbaltic.com\/en\/homepage\/about-company\/\" class=\"more-link\">Continue reading<span class=\"screen-reader-text\"> &#8220;About the company&#8221;<\/span><\/a><\/p>\n","protected":false},"author":1,"featured_media":0,"parent":49,"menu_order":0,"comment_status":"closed","ping_status":"closed","template":"","meta":{"_acf_changed":false,"footnotes":""},"class_list":["post-4","page","type-page","status-publish","hentry"],"acf":[],"_links":{"self":[{"href":"https:\/\/www.avadbaltic.com\/en\/wp-json\/wp\/v2\/pages\/4","targetHints":{"allow":["GET"]}}],"collection":[{"href":"https:\/\/www.avadbaltic.com\/en\/wp-json\/wp\/v2\/pages"}],"about":[{"href":"https:\/\/www.avadbaltic.com\/en\/wp-json\/wp\/v2\/types\/page"}],"author":[{"embeddable":true,"href":"https:\/\/www.avadbaltic.com\/en\/wp-json\/wp\/v2\/users\/1"}],"replies":[{"embeddable":true,"href":"https:\/\/www.avadbaltic.com\/en\/wp-json\/wp\/v2\/comments?post=4"}],"version-history":[{"count":19,"href":"https:\/\/www.avadbaltic.com\/en\/wp-json\/wp\/v2\/pages\/4\/revisions"}],"predecessor-version":[{"id":3617,"href":"https:\/\/www.avadbaltic.com\/en\/wp-json\/wp\/v2\/pages\/4\/revisions\/3617"}],"up":[{"embeddable":true,"href":"https:\/\/www.avadbaltic.com\/en\/wp-json\/wp\/v2\/pages\/49"}],"wp:attachment":[{"href":"https:\/\/www.avadbaltic.com\/en\/wp-json\/wp\/v2\/media?parent=4"}],"curies":[{"name":"wp","href":"https:\/\/api.w.org\/{rel}","templated":true}]}}