{"id":6,"date":"2017-02-23T17:21:31","date_gmt":"2017-02-23T17:21:31","guid":{"rendered":"http:\/\/localhost\/avad-be\/?page_id=6"},"modified":"2023-09-28T07:56:48","modified_gmt":"2023-09-28T07:56:48","slug":"partnership","status":"publish","type":"page","link":"https:\/\/www.avadbaltic.com\/ee\/homepage\/partnership\/","title":{"rendered":"Partnerlus"},"content":{"rendered":"<p>Teil on v\u00f5imalik oma ettev\u00f5tet kasvatada, saades Apple\u2019i volitatud edasim\u00fc\u00fcjaks (Apple Authorised Reseller, AAR). Oleme kindlad, et haarate kinni v\u00f5imalusest suurendada l\u00e4bim\u00fc\u00fcki ja vallutada uusi turge koos kiiresti laieneva kaubam\u00e4rgiga.<\/p>\n<p>AAR on kindlaksm\u00e4\u00e4ratud kriteeriumitele vastav koost\u00f6\u00f6partner, kes s\u00f5lmib AVAD Balticuga lepingulised suhted Apple\u2019i toodete m\u00fc\u00fcmiseks.<\/p>\n<p>AVAD Balticu m\u00e4\u00e4ratud AAR on kohustatud ostma Apple\u2019i tooteid v\u00e4hemalt 100 000 euro eest majanduskvartali jooksul. Lisaks peab AAR j\u00e4rgima Apple\u2019i kaubam\u00e4rgi- ja t\u00e4histuspoliitikat ja koolitama Apple\u2019i programmi j\u00e4rgi v\u00e4lja v\u00e4hemalt kaks t\u00f6\u00f6tajat.<\/p>\n<p>Apple\u2019i volitatud edasim\u00fc\u00fcjaks saamiseks<a href=\"https:\/\/www.avadbaltic.com\/lt\/team-up-with-apple\/\"> t\u00e4itke avaldus siin<\/a>.<\/p>\n<p>Lisav\u00f5imalused Apple\u2019iga koost\u00f6\u00f6 tegemiseks<\/p>\n<p>\u201eApple Premium Reseller\u201c (APR) \u2013 parima asukohaga Apple\u2019i premium edasim\u00fc\u00fcjate kauplustes on v\u00e4ljas Apple\u2019i t\u00e4ielik tootevalik ning neis pakutakse esmaklassilist lisav\u00e4\u00e4rtust ja teenust.<\/p>\n<p>\u201eApple Service Provider\u201c \u2013 on edukalt tegutsenud garantiiteenuste valdkonnas v\u00e4hemalt kaks aastat. Apple\u2019i tooteid parandavad Apple\u2019i sertifikaadiga spetsialistid Apple\u2019i volitatud asukohas.<\/p>\n<p>\u201eApple Solution Expert\u201c \u2013 m\u00f5eldud ettev\u00f5tetele, kes tarnivad spetsiifilisi eris\u00fcsteeme, mille puhul l\u00e4heb vaja p\u00e4devat tuge riistvara, tarkvara, koolituse ja tehnilise abi valdkonnas.<\/p>\n<p>Kui teil on lisak\u00fcsimusi volitamise kohta, <a href=\"..\/ee\/#contacts\">v\u00f5tke meiega \u00fchendust<\/a>.<\/p>","protected":false},"excerpt":{"rendered":"<p>Teil on v\u00f5imalik oma ettev\u00f5tet kasvatada, saades Apple\u2019i volitatud edasim\u00fc\u00fcjaks (Apple Authorised Reseller, AAR). Oleme kindlad, et haarate kinni v\u00f5imalusest suurendada l\u00e4bim\u00fc\u00fcki ja vallutada uusi turge koos kiiresti laieneva kaubam\u00e4rgiga. AAR on kindlaksm\u00e4\u00e4ratud kriteeriumitele vastav koost\u00f6\u00f6partner, kes s\u00f5lmib AVAD Balticuga lepingulised suhted Apple\u2019i toodete m\u00fc\u00fcmiseks. AVAD Balticu m\u00e4\u00e4ratud AAR on kohustatud ostma Apple\u2019i tooteid v\u00e4hemalt &hellip; <a href=\"https:\/\/www.avadbaltic.com\/ee\/homepage\/partnership\/\" class=\"more-link\">Continue reading<span class=\"screen-reader-text\"> &#8220;Partnerlus&#8221;<\/span><\/a><\/p>\n","protected":false},"author":1,"featured_media":0,"parent":49,"menu_order":0,"comment_status":"closed","ping_status":"closed","template":"","meta":{"_acf_changed":false,"footnotes":""},"class_list":["post-6","page","type-page","status-publish","hentry"],"acf":[],"_links":{"self":[{"href":"https:\/\/www.avadbaltic.com\/ee\/wp-json\/wp\/v2\/pages\/6","targetHints":{"allow":["GET"]}}],"collection":[{"href":"https:\/\/www.avadbaltic.com\/ee\/wp-json\/wp\/v2\/pages"}],"about":[{"href":"https:\/\/www.avadbaltic.com\/ee\/wp-json\/wp\/v2\/types\/page"}],"author":[{"embeddable":true,"href":"https:\/\/www.avadbaltic.com\/ee\/wp-json\/wp\/v2\/users\/1"}],"replies":[{"embeddable":true,"href":"https:\/\/www.avadbaltic.com\/ee\/wp-json\/wp\/v2\/comments?post=6"}],"version-history":[{"count":22,"href":"https:\/\/www.avadbaltic.com\/ee\/wp-json\/wp\/v2\/pages\/6\/revisions"}],"predecessor-version":[{"id":3558,"href":"https:\/\/www.avadbaltic.com\/ee\/wp-json\/wp\/v2\/pages\/6\/revisions\/3558"}],"up":[{"embeddable":true,"href":"https:\/\/www.avadbaltic.com\/ee\/wp-json\/wp\/v2\/pages\/49"}],"wp:attachment":[{"href":"https:\/\/www.avadbaltic.com\/ee\/wp-json\/wp\/v2\/media?parent=6"}],"curies":[{"name":"wp","href":"https:\/\/api.w.org\/{rel}","templated":true}]}}