{"id":4,"date":"2017-02-23T17:11:15","date_gmt":"2017-02-23T17:11:15","guid":{"rendered":"http:\/\/localhost\/avad-be\/?page_id=4"},"modified":"2024-06-28T07:51:49","modified_gmt":"2024-06-28T07:51:49","slug":"about-company","status":"publish","type":"page","link":"https:\/\/www.avadbaltic.com\/ee\/homepage\/about-company\/","title":{"rendered":"Ettev\u00f5ttest"},"content":{"rendered":"<p>UAB AVAD Baltic on Apple\u2019i volitatud edasim\u00fc\u00fcja, kes vastutab Apple\u2019i kaubam\u00e4rgi j\u00e4rjepideva tugevdamise eest Balti riikides ning aitab kaasa Apple\u2019i volitatud edasim\u00fc\u00fcjate ja teenusepakkujate v\u00f5rgustiku arendamisele.<\/p>\n<p>Ettev\u00f5tte AVAD Baltic meeskond tegeleb aktiivselt Apple\u2019i tehnoloogia kohandamise ja rakendamisega, aidates parandada \u00e4ri- ja haridussektori spetsialistide p\u00e4devust ning koolitades ja n\u00f5ustades spetsialiste Apple\u2019i tipptehnoloogia kasutamise k\u00fcsimustes.<\/p>\n<p>2007. aastal asutatud UAB AVAD Baltic kuulub Leedu kapitalil p\u00f5hinevasse kontserni ACME Grup\u0117. Lisateavet leiate veebilehel www.acmegrupe.lt<\/p>","protected":false},"excerpt":{"rendered":"<p>UAB AVAD Baltic on Apple\u2019i volitatud edasim\u00fc\u00fcja, kes vastutab Apple\u2019i kaubam\u00e4rgi j\u00e4rjepideva tugevdamise eest Balti riikides ning aitab kaasa Apple\u2019i volitatud edasim\u00fc\u00fcjate ja teenusepakkujate v\u00f5rgustiku arendamisele. Ettev\u00f5tte AVAD Baltic meeskond tegeleb aktiivselt Apple\u2019i tehnoloogia kohandamise ja rakendamisega, aidates parandada \u00e4ri- ja haridussektori spetsialistide p\u00e4devust ning koolitades ja n\u00f5ustades spetsialiste Apple\u2019i tipptehnoloogia kasutamise k\u00fcsimustes. 2007. aastal &hellip; <a href=\"https:\/\/www.avadbaltic.com\/ee\/homepage\/about-company\/\" class=\"more-link\">Continue reading<span class=\"screen-reader-text\"> &#8220;Ettev\u00f5ttest&#8221;<\/span><\/a><\/p>\n","protected":false},"author":1,"featured_media":0,"parent":49,"menu_order":0,"comment_status":"closed","ping_status":"closed","template":"","meta":{"_acf_changed":false,"footnotes":""},"class_list":["post-4","page","type-page","status-publish","hentry"],"acf":[],"_links":{"self":[{"href":"https:\/\/www.avadbaltic.com\/ee\/wp-json\/wp\/v2\/pages\/4","targetHints":{"allow":["GET"]}}],"collection":[{"href":"https:\/\/www.avadbaltic.com\/ee\/wp-json\/wp\/v2\/pages"}],"about":[{"href":"https:\/\/www.avadbaltic.com\/ee\/wp-json\/wp\/v2\/types\/page"}],"author":[{"embeddable":true,"href":"https:\/\/www.avadbaltic.com\/ee\/wp-json\/wp\/v2\/users\/1"}],"replies":[{"embeddable":true,"href":"https:\/\/www.avadbaltic.com\/ee\/wp-json\/wp\/v2\/comments?post=4"}],"version-history":[{"count":19,"href":"https:\/\/www.avadbaltic.com\/ee\/wp-json\/wp\/v2\/pages\/4\/revisions"}],"predecessor-version":[{"id":3617,"href":"https:\/\/www.avadbaltic.com\/ee\/wp-json\/wp\/v2\/pages\/4\/revisions\/3617"}],"up":[{"embeddable":true,"href":"https:\/\/www.avadbaltic.com\/ee\/wp-json\/wp\/v2\/pages\/49"}],"wp:attachment":[{"href":"https:\/\/www.avadbaltic.com\/ee\/wp-json\/wp\/v2\/media?parent=4"}],"curies":[{"name":"wp","href":"https:\/\/api.w.org\/{rel}","templated":true}]}}