{"id":2822,"date":"2019-08-21T07:01:45","date_gmt":"2019-08-21T07:01:45","guid":{"rendered":"https:\/\/www.avadbaltic.com\/?page_id=2822"},"modified":"2019-08-21T07:01:45","modified_gmt":"2019-08-21T07:01:45","slug":"cookie-settings","status":"publish","type":"page","link":"https:\/\/www.avadbaltic.com\/ee\/cookie-settings\/","title":{"rendered":"Pr\u00e4\u00e4niku seaded"},"content":{"rendered":"<p>Pr\u00e4\u00e4niku seaded<\/p>","protected":false},"excerpt":{"rendered":"<p>Pr\u00e4\u00e4niku seaded<\/p>\n","protected":false},"author":1,"featured_media":0,"parent":0,"menu_order":0,"comment_status":"closed","ping_status":"closed","template":"","meta":{"_acf_changed":false,"footnotes":""},"class_list":["post-2822","page","type-page","status-publish","hentry"],"acf":[],"_links":{"self":[{"href":"https:\/\/www.avadbaltic.com\/ee\/wp-json\/wp\/v2\/pages\/2822","targetHints":{"allow":["GET"]}}],"collection":[{"href":"https:\/\/www.avadbaltic.com\/ee\/wp-json\/wp\/v2\/pages"}],"about":[{"href":"https:\/\/www.avadbaltic.com\/ee\/wp-json\/wp\/v2\/types\/page"}],"author":[{"embeddable":true,"href":"https:\/\/www.avadbaltic.com\/ee\/wp-json\/wp\/v2\/users\/1"}],"replies":[{"embeddable":true,"href":"https:\/\/www.avadbaltic.com\/ee\/wp-json\/wp\/v2\/comments?post=2822"}],"version-history":[{"count":1,"href":"https:\/\/www.avadbaltic.com\/ee\/wp-json\/wp\/v2\/pages\/2822\/revisions"}],"predecessor-version":[{"id":2823,"href":"https:\/\/www.avadbaltic.com\/ee\/wp-json\/wp\/v2\/pages\/2822\/revisions\/2823"}],"wp:attachment":[{"href":"https:\/\/www.avadbaltic.com\/ee\/wp-json\/wp\/v2\/media?parent=2822"}],"curies":[{"name":"wp","href":"https:\/\/api.w.org\/{rel}","templated":true}]}}