{"id":2818,"date":"2019-08-21T06:29:01","date_gmt":"2019-08-21T06:29:01","guid":{"rendered":"https:\/\/www.avadbaltic.com\/?page_id=2818"},"modified":"2019-10-04T14:39:51","modified_gmt":"2019-10-04T14:39:51","slug":"principles-of-compliance","status":"publish","type":"page","link":"https:\/\/www.avadbaltic.com\/ee\/principles-of-compliance\/","title":{"rendered":"Vastavuse rakendamise p\u00f5him\u00f5tetest"},"content":{"rendered":"<p><\/p>\n<p>Ausus ja l\u00e4bipaistev tegevus on \u00fched meie strateegilistest v\u00e4\u00e4rtustest, millest peame kinni ettev\u00f5tte tegevuses, t\u00f6\u00f6s ja koost\u00f6\u00f6s klientidega, tugevdades sidemeid partneritega. Sel p\u00f5hjusel juhindume koos teiste \u201eACME Grup\u0117&#8221; ettev\u00f5tetega nendest peamistest <a href=\"http:\/\/www.acmegrupe.lt\/en\/about-us\/compliance\/\"><em>Vastavuse rakendamise p\u00f5him\u00f5tetest<\/em><\/a>.<\/p>\n<p><\/p>","protected":false},"excerpt":{"rendered":"<p>Ausus ja l\u00e4bipaistev tegevus on \u00fched meie strateegilistest v\u00e4\u00e4rtustest, millest peame kinni ettev\u00f5tte tegevuses, t\u00f6\u00f6s ja koost\u00f6\u00f6s klientidega, tugevdades sidemeid partneritega. Sel p\u00f5hjusel juhindume koos teiste \u201eACME Grup\u0117&#8221; ettev\u00f5tetega nendest peamistest Vastavuse rakendamise p\u00f5him\u00f5tetest.<\/p>\n","protected":false},"author":5,"featured_media":0,"parent":0,"menu_order":0,"comment_status":"closed","ping_status":"closed","template":"","meta":{"_acf_changed":false,"footnotes":""},"class_list":["post-2818","page","type-page","status-publish","hentry"],"acf":[],"_links":{"self":[{"href":"https:\/\/www.avadbaltic.com\/ee\/wp-json\/wp\/v2\/pages\/2818","targetHints":{"allow":["GET"]}}],"collection":[{"href":"https:\/\/www.avadbaltic.com\/ee\/wp-json\/wp\/v2\/pages"}],"about":[{"href":"https:\/\/www.avadbaltic.com\/ee\/wp-json\/wp\/v2\/types\/page"}],"author":[{"embeddable":true,"href":"https:\/\/www.avadbaltic.com\/ee\/wp-json\/wp\/v2\/users\/5"}],"replies":[{"embeddable":true,"href":"https:\/\/www.avadbaltic.com\/ee\/wp-json\/wp\/v2\/comments?post=2818"}],"version-history":[{"count":4,"href":"https:\/\/www.avadbaltic.com\/ee\/wp-json\/wp\/v2\/pages\/2818\/revisions"}],"predecessor-version":[{"id":2889,"href":"https:\/\/www.avadbaltic.com\/ee\/wp-json\/wp\/v2\/pages\/2818\/revisions\/2889"}],"wp:attachment":[{"href":"https:\/\/www.avadbaltic.com\/ee\/wp-json\/wp\/v2\/media?parent=2818"}],"curies":[{"name":"wp","href":"https:\/\/api.w.org\/{rel}","templated":true}]}}