{"id":2391,"date":"2018-09-14T07:41:23","date_gmt":"2018-09-14T07:41:23","guid":{"rendered":"https:\/\/www.avadbaltic.com\/?page_id=2391"},"modified":"2019-01-07T09:01:19","modified_gmt":"2019-01-07T09:01:19","slug":"dep","status":"publish","type":"page","link":"https:\/\/www.avadbaltic.com\/ee\/dep\/","title":{"rendered":"DEP"},"content":{"rendered":"<p><\/p>\n<p style=\"font-size: 26px; text-align: center;\"><strong>Apple Business Manageri l\u00fchi\u00fclevaade partneritele<\/strong><\/p>\n<p style=\"text-align: justify; font-size: 24px;\"><strong>1. Mis on Apple Business Manager?<\/strong><br \/>\n<em>Apple Business Manager<\/em> on IT-meeskondade jaoks uus koht seadmete arendamiseks, sisu ostmiseks ja levitamiseks ning organisatsioonisiseste rollide haldamiseks. Mobiilse seadme haldamise (MDM) lahendusega sujuvalt koos t\u00f6\u00f6tav <em>Apple Business Manager<\/em> h\u00f5lbustab seadmete registreerimist, sisu avamist ja haldusprivileegide delegeerimist.<br \/>\nSeadme registreerimise programm (DEP) ja mahuostuprogramm (VPP) on <em>Apple Business Manageri<\/em> sujuvalt integreeritud, mist\u00f5ttu saate n\u00fc\u00fcd kokku viia k\u00f5ik, mis on vaja iOS-i seadmete, Maci arvutite ja Apple TV kasutamiseks oma organisatsioonis.<br \/>\n<strong>2. Seadmed<\/strong><br \/>\nSeadme registreerimine on n\u00fc\u00fcd <em>Apple Business Manageri<\/em> integreeritud ja annab teile kiire ja sujuva v\u00f5imaluse kasutada ettev\u00f5ttele kuuluvaid Apple\u2019i seadmeid.<br \/>\n\u2022 Seadmete automaatne registreerimine MDM-is ilma vajaduseta iga seadet f\u00fc\u00fcsiliselt puudutada v\u00f5i ette valmistada, enne kui kasutaja need k\u00e4tte saab. See tagab selle, et k\u00f5ik kasutajad saavad teie organisatsiooni konfiguratsiooni kohe, kui nad seadme aktiveerivad.<br \/>\n\u2022 Seadistuse h\u00f5lbustamine kasutajate jaoks, eemaldades seadistusabilisest kindlad etapid, et kasutajad saaksid kiiresti t\u00f6\u00f6le hakata. J\u00e4lgimise abil saab iOS-i ja tvOS-i seadmetes kasutada k\u00f5rgema taseme seadmehaldusv\u00f5imalusi, sh mitteemaldatav MDM.<br \/>\n\u2022 MDM-i vaikeserverite h\u00f5lpsam haldamine t\u00e4nu seadme t\u00fc\u00fcbile vastavale vaikeserverile. N\u00fc\u00fcd saate iOS-i seadmeid ja Apple TV-d <em>Apple Configurator 2<\/em> abil k\u00e4sitsi registreerida, s\u00f5ltumata sellest, kuidas te need seadmed omandasite.<br \/>\n<strong>3. Sisu<\/strong><br \/>\nRakenduste ja raamatute osa <em>Apple Business Manageris<\/em> v\u00f5imaldab organisatsioonil osta mahukat sisu h\u00f5lpsamini. S\u00f5ltumata sellest, kas t\u00f6\u00f6taja kasutab iPhone\u2019i, iPadi v\u00f5i Maci, saate pakkuda suurep\u00e4rast sisu, mis on valmis kasutamiseks koos paindlike ja turvaliste levitusv\u00f5imalustega.<br \/>\n\u2022 Ostke rakendusi, raamatuid ja kohandatud rakendusi hulgi. Kandke rakenduste litsentse h\u00f5lpsalt asukohtade vahel \u00fcle ja jagage litsentse sama koha ostjate vahel. Ja vaadake ostuajaloo \u00fchtlustatud loendit koos MDM-is praegu kasutatavate litsentside arvuga.<br \/>\n\u2022Jagage rakendusi ja raamatuid otse hallatavatesse seadmetesse v\u00f5i volitatud kasutajatele ning j\u00e4lgige h\u00f5lpsalt, milline sisu millisele kasutajale v\u00f5i seadmele m\u00e4\u00e4ratud on. Juhitava levitamise abil saate kontrolli all hoida kogu levitusprotsessi, s\u00e4ilitades samas seadmete \u00fcle t\u00e4ieliku omandi\u00f5iguse. Rakendused, mida seade v\u00f5i kasutaja ei vaja, saab organisatsioonisiseselt tagasi kutsuda ja \u00fcmber m\u00e4\u00e4rata.<br \/>\n\u2022 Maksmiseks saab kasutada eri v\u00f5imalusi, mh krediitkaart ja ostutellimused.<br \/>\nOrganisatsioonid saavad osta kindlal m\u00e4\u00e4ral mahukrediiti (kui see on olemas) otse Apple\u2019ist v\u00f5i Apple\u2019i volitatud edasim\u00fc\u00fcjalt, mis antakse kontoomanikule \u00fcle elektrooniliselt kaupluse krediidina. Jagage rakendus seadmetele v\u00f5i kasutajatele \u00fcksk\u00f5ik millises riigis, kus rakendus on saadaval, st rahvusvaheliselt. Arendajad saavad oma rakenduse App Stoer\u2019i t\u00fc\u00fcpavaldamise protseduuri abil mitmes riigis k\u00e4ttesaadavaks teha.<br \/>\n<strong>4. Ressursid<\/strong><br \/>\nApple\u2019i rakendamise programmid: <a href=\"http:\/\/deploy.apple.com\">deploy.apple.com<\/a><br \/>\niOS-i kasutamise abi: <a href=\"http:\/\/help.apple.com\/deployment\/ios\">help.apple.com\/deployment\/ios\u2028<\/a><br \/>\nmacOS-i kasutamise abi: <a href=\"http:\/\/help.apple.com\/deployment\/macos\">help.apple.com\/deployment\/macos<\/a><br \/>\nEttev\u00f5tete IT-ressursid: <a href=\"http:\/\/www.apple.com\/business\/resources\">www.apple.com\/business\/resources<\/a><br \/>\nEttev\u00f5tete seadmete registreerimisprogramm: <a href=\"http:\/\/www.apple.com\/business\/dep\">www.apple.com\/business\/dep<\/a><br \/>\nEttev\u00f5tete tugi: <a href=\"http:\/\/www.apple.com\/support\/business\">www.apple.com\/support\/business<\/a><\/p>\n<p style=\"text-align: justify; font-size: 20px;\">1 \u2013 <strong>Apple\u2019i volitatud B2B kanal<\/strong> \u2013 AVAD Baltic volitatud partnerid, kes pakuvad B2B klientidele seadmeid ja teenuseid.<br \/>\n2 &#8211; Raamatute ostmine <em>Apple Business Manageri<\/em> kaudu pole teatud riikides v\u00f5imalik. Lisateavet selle kohta, millised funktsioonid ja ostuv\u00f5imalused kus saadaval on, leiate veebilehelt <a href=\"http:\/\/support.apple.com\/HT207305\">support.apple.com\/HT207305<\/a><\/p>\n<p><\/p>","protected":false},"excerpt":{"rendered":"<p>Apple Business Manageri l\u00fchi\u00fclevaade partneritele 1. Mis on Apple Business Manager? Apple Business Manager on IT-meeskondade jaoks uus koht seadmete arendamiseks, sisu ostmiseks ja levitamiseks ning organisatsioonisiseste rollide haldamiseks. Mobiilse seadme haldamise (MDM) lahendusega sujuvalt koos t\u00f6\u00f6tav Apple Business Manager h\u00f5lbustab seadmete registreerimist, sisu avamist ja haldusprivileegide delegeerimist. Seadme registreerimise programm (DEP) ja mahuostuprogramm (VPP) &hellip; <a href=\"https:\/\/www.avadbaltic.com\/ee\/dep\/\" class=\"more-link\">Continue reading<span class=\"screen-reader-text\"> &#8220;DEP&#8221;<\/span><\/a><\/p>\n","protected":false},"author":5,"featured_media":0,"parent":0,"menu_order":0,"comment_status":"closed","ping_status":"closed","template":"","meta":{"_acf_changed":false,"footnotes":""},"class_list":["post-2391","page","type-page","status-publish","hentry"],"acf":[],"_links":{"self":[{"href":"https:\/\/www.avadbaltic.com\/ee\/wp-json\/wp\/v2\/pages\/2391","targetHints":{"allow":["GET"]}}],"collection":[{"href":"https:\/\/www.avadbaltic.com\/ee\/wp-json\/wp\/v2\/pages"}],"about":[{"href":"https:\/\/www.avadbaltic.com\/ee\/wp-json\/wp\/v2\/types\/page"}],"author":[{"embeddable":true,"href":"https:\/\/www.avadbaltic.com\/ee\/wp-json\/wp\/v2\/users\/5"}],"replies":[{"embeddable":true,"href":"https:\/\/www.avadbaltic.com\/ee\/wp-json\/wp\/v2\/comments?post=2391"}],"version-history":[{"count":66,"href":"https:\/\/www.avadbaltic.com\/ee\/wp-json\/wp\/v2\/pages\/2391\/revisions"}],"predecessor-version":[{"id":2566,"href":"https:\/\/www.avadbaltic.com\/ee\/wp-json\/wp\/v2\/pages\/2391\/revisions\/2566"}],"wp:attachment":[{"href":"https:\/\/www.avadbaltic.com\/ee\/wp-json\/wp\/v2\/media?parent=2391"}],"curies":[{"name":"wp","href":"https:\/\/api.w.org\/{rel}","templated":true}]}}