{"id":2156,"date":"2018-05-22T12:45:54","date_gmt":"2018-05-22T12:45:54","guid":{"rendered":"https:\/\/www.avadbaltic.com\/?page_id=2156"},"modified":"2025-01-27T17:09:29","modified_gmt":"2025-01-27T15:09:29","slug":"privacy-policy","status":"publish","type":"page","link":"https:\/\/www.avadbaltic.com\/ee\/privacy-policy\/","title":{"rendered":"UAB AVAD Baltic privaatsusp\u00f5him\u00f5tted"},"content":{"rendered":"<p>7. aprill 2020 s\u00f5nastus<\/p>\n<p><strong>1. \u00dclds\u00e4tted<\/strong><\/p>\n<p>K\u00e4esolevas dokumendis (edaspidi \u201eprivaatsusp\u00f5him\u00f5tted\u201c) s\u00e4testatakse ettev\u00f5tte UAB AVAD Baltic poolt teie (kliendi) isikuandmete kogumise, t\u00f6\u00f6tlemise ja s\u00e4ilitamise peamised p\u00f5him\u00f5tted (andmeid kogutakse ja s\u00e4ilitatakse Leedu Vabariigi juriidiliste isikute registris, juriidilise isiku registrikood 301060619, registreritud aadress Raudondvario pl. 131B, LT-47191 Kaunas, Leedu, e-mail info@avad.lt) (edaspidi \u201e<strong>ettev\u00f5te<\/strong>\u201c).<\/p>\n<p>Privaatsusp\u00f5him\u00f5tete eesm\u00e4rk on kaitsta kliendi isikuandmeid nende \u00f5igusvastase kasutamise eest.<\/p>\n<p>Isikuandmeid t\u00f6\u00f6deldakse kooks\u00f5las m\u00e4\u00e4ruse, Leedu Vabariigi isikuandmete \u00f5igusliku kaitse seaduse, Leedu Vabariigi elektroonilise side seaduse ja teiste isikuandmete kaitset reguleerivate otseselt kohalduvate \u00f5igusaktidega ning ka p\u00e4devate asutuste juhiste ja soovitustega.<\/p>\n<p><strong>2. Privaatsusp\u00f5him\u00f5tetes kasutatavad m\u00f5isted <\/strong><\/p>\n<p><strong>Isikuandmed <\/strong>on igasugune teave f\u00fc\u00fcsilise isiku (andmesubjekti) kohta, keda saab nende andmete alusel otseselt v\u00f5i kaudselt tuvastada;<\/p>\n<p><strong>Klient <\/strong>on isik, kes esitab tellimusi, ostab v\u00f5i kasutab meie teenuseid v\u00f5i on mis tahes viisil v\u00e4ljendanud oma kavatsust kasutada ettev\u00f5tte osutatavaid teenuseid, kavatseb osta v\u00f5i ostab ettev\u00f5ttelt kaupu v\u00f5i on mis tahes moel soetud ettev\u00f5tte osutatavate teenuste v\u00f5i ettev\u00f5tte kaupadega.<\/p>\n<p><strong>T\u00f6\u00f6tlemine <\/strong>on isikuandmetega tehtav mis tahes toiming (sh kogumine, dokumenteerimine, s\u00e4ilitamine, muutmine, ligip\u00e4\u00e4s, p\u00e4ringute tegemine, edastamine jne).<\/p>\n<p><strong>Sisselogimisandmed <\/strong>on internetiprotokolli (IP) aadress ja seadme internetiga \u00fchendamiseks kasutatava internetiteenuse osutaja andmed, veebilehitseja liik ja versioon, ajav\u00f6\u00f6ndi seaded, operatsioonis\u00fcsteem ja platvorm, sisselogimise asukoht, universaalne ressursilokaator (URL), teie poolt vaadatud tooted.<\/p>\n<p><strong>M\u00e4\u00e4rus <\/strong>on Euroopa Parlamendi ja N\u00f5ukogu 27. aprilli 2016 m\u00e4\u00e4rus (EL) 2016\/679 f\u00fc\u00fcsiliste isikute kaitse kohta isikuandmete t\u00f6\u00f6tlemisel ja selliste andmete vaba liikumise ning direktiivi\u00a095\/46\/E\u00dc kehtetuks tunnistamise kohta (isikuandmete kaitse \u00fcldm\u00e4\u00e4rus).<\/p>\n<p><strong>3. Isikuandmete t\u00f6\u00f6tlemise p\u00f5him\u00f5tted<\/strong><\/p>\n<p>Ettev\u00f5te tegutseb koosk\u00f5las j\u00e4rgmiste peamiste isikuandmete t\u00f6\u00f6tlemise p\u00f5him\u00f5tetega:<br \/>\n&#8211; isikuandmeid kogutakse selgelt m\u00e4\u00e4ratletud ja \u00f5igusp\u00e4rasel eesm\u00e4rgil;<br \/>\n&#8211; isikuandmeid t\u00f6\u00f6deldakse t\u00e4pselt ja \u00f5iglaselt;<br \/>\n&#8211; isikuandmeid t\u00f6\u00f6deldakse seaduslikult, st \u00fcksnes juhul, kui:<br \/>\na) isikuandmete subjekt annab oma n\u00f5usoleku, nt reklaamteabega antav n\u00f5usolek;<br \/>\nb) s\u00f5lmitakse ja rakendatakse leping, mille \u00fcks osaline on isikuandmete subjekt;<br \/>\nc) ettev\u00f5te on seadusega kohustatud isikuandmeid t\u00f6\u00f6tlema;<br \/>\nd) isikuandmeid tuleb t\u00f6\u00f6delda ettev\u00f5tte v\u00f5i kolmanda isiku \u00f5igusp\u00e4rastes huvides, kellele isikuandmed on esitatud, v\u00e4lja arvatud juhul, kui andmesubjekti huvid on t\u00e4htsamad;<br \/>\n&#8211; isikuandmeid hoitakse ajakohastena;<br \/>\n&#8211; isikuandmeid ei s\u00e4ilitata kauem kui andmete t\u00f6\u00f6tlemise eesm\u00e4rgi jaoks n\u00f5utav;<br \/>\n&#8211; isikuandmeid t\u00f6\u00f6tlevad \u00fcksnes selleks volitatud t\u00f6\u00f6tajad;<br \/>\n&#8211; kogu ja mis tahes teave t\u00f6\u00f6deldavate isikuandmete kohta on konfidentsiaalne.<\/p>\n<p><strong>4. Kogutava teabe olemus<\/strong><\/p>\n<p>Olenevalt tranitavate kaupade\/osutatavate teenuste olemusest, v\u00f5ib ettev\u00f5te koguda kliendi kohta j\u00e4rgmisi andmeid:<br \/>\n<strong> &#8211; kliendi p\u00f5hiandmed<\/strong>: ees- ja perekonnanimi, isikukood, aadress, isikut t\u00f5endava dokumendi koopia (kui see esitatakse) ja selle andmed, telefon, e-posti aadress;<br \/>\n<strong> &#8211; teave tarnitavate\/osutatavate\/kliendi poolt ostetavate kaupade\/teenuste kohta<\/strong>: teave valitud\/osutatud teenuste kohta ja nende kasutamise kestus, teave kaupade\/teenuste kvaliteedile antud hinnangute, kaupade tagastamise, garantiiteenuste kohta jms, ning kliendi maksej\u00f5uetuse hindamise andmed;<br \/>\n<strong> &#8211; teave kaupade\/teenuste eest arveldamise kohta: <\/strong>kliendile v\u00e4ljastatud arvete andmed, kliendi v\u00f5i teiste isikute tehtud maksete andmed, teave v\u00f5lahalduse kohta (sh andmete edastamine kolmandatele isikutele);<br \/>\n<strong> &#8211; teave kliendi n\u00f5usoleku kohta seoses osteturundusega<\/strong>: teave kliendi n\u00f5usoleku\/keeldumise kohta saada reklaamteavet (uudiseid, programmipakkumisi, kampaaniateavet jms), teave uuringute osalemise, andmete kasutamise ja kliendi andmete kolmandatele isikutele esitamise kohta ning ka maksej\u00f5uetuse riski hindamise n\u00f5usoleku kohta;<br \/>\n<strong> &#8211; teave suhtluse ja kliendi teenindamise kohta<\/strong>: ettev\u00f5tte veebisaitidel ja iseteenindussaitidel tehtud otsingute andmed (kogutakse k\u00fcpsiste ja muu sarnase tehnoloogia abil), ettev\u00f5tte esindajatele tehtud telefonik\u00f5nede salvestustest saadav teave, teabevahetus ettev\u00f5ttega (iseteeninduse, e-posti, asjaomaste programmide jms kaudu), kliendi avaldused ja ettev\u00f5tte vastused lahendatavatele k\u00fcsimustele;<br \/>\n<strong> &#8211; muud andmed<\/strong>: teave auhinnav\u00f5itjate, uuringus osalejate ja uudiskirja tellijate kohta.<\/p>\n<p><strong>5. T\u00f6\u00f6tlemise eesm\u00e4rgid<\/strong><\/p>\n<p>Ettev\u00f5te kasutab kogutavaid andmeid teenuste osutamiseks\/kaupade tarnimiseks, aga ka abi osutamiseks, teadete, pakkumiste ja kampaaniatega seotud teabe saatmiseks, ettev\u00f5tte ja kolmandate isikute \u00f5iguste ja huvide kaitsmiseks koosk\u00f5las kehtivate \u00f5igusaktidega.<\/p>\n<p>Andmete t\u00f6\u00f6tlemise eesm\u00e4rgid:<br \/>\n&#8211; lepingute s\u00f5lmimine ja rakendamine (kaupade tarnimiseks\/teenuste osutamiseks), nende kvaliteedi tagamine, kliendi teenindamine ja teabe andmine;<br \/>\n&#8211; otseturundus ja \u00fcldise teabe andmine uute toodete ja teenuste kohta (kui te ei ole sellistest teadetest loobunud);<br \/>\n&#8211; raamatupidamine;<br \/>\n&#8211; seaduslike kohustuste t\u00e4itmine, nt v\u00f5lahaldus ja v\u00f5lgade sissen\u00f5udmine;<br \/>\n&#8211; ettev\u00f5tte veebisaidi haldamine ja t\u00e4iustamine, selle turvalisena hoidmine ja selle sisu teie seadmes k\u00f5ige t\u00f5husama esitamise tagamine;<br \/>\n&#8211; fulfilment of legal obligations set forth in legislation;<br \/>\n&#8211; <strong>muud eesm\u00e4rgid, millel ettev\u00f5te v\u00f5ib teie isikuandmeid t\u00f6\u00f6delda, kui olete andnud oma n\u00f5usoleku, kui andmeid t\u00f6\u00f6deldakse ettev\u00f5tte \u00f5igusp\u00e4rastes huvides v\u00f5i kui ettev\u00f5te on asjakohaste \u00f5igusaktide kohaselt kohustatud andmeid t\u00f6\u00f6tlema. <\/strong>Me v\u00f5ime t\u00f6\u00f6delda isikuandmeid muul eesm\u00e4rgil, kui oleme saanud andmesubjekti n\u00f5usoleku v\u00f5i kui meil on \u00f5igus t\u00f6\u00f6delda andmeid \u00f5igusp\u00e4rase huvi alusel.<\/p>\n<p><strong>6. Andmete kogumise meetodid <\/strong><\/p>\n<p>Teavet teie kohta kogutakse j\u00e4rgmistel meetoditel:<br \/>\n&#8211; kui esitate ise ettev\u00f5ttele teavet (nt t\u00e4ites ettev\u00f5tte avaldusi, kokkuleppeid ja\/v\u00f5i muid dokumente (sh meie partnerite omi) elektrooniliselt meie veebisaidil, taotluste esitamisel, posti teel, e-posti teel, telefoni teel, vahetutes videovestlustes, muude sidevahendite kaudu);<br \/>\n&#8211; kui saame teie kohta teavet kolmandatelt isikutelt, kellega me koost\u00f6\u00f6d teeme (nt partnerid, ametiasutused jne);<br \/>\n&#8211; informatsiooni teie kohta kogume veebilehel k\u00fcpsiste abil. Teenuste kasutaja arvutisse salvestatavad k\u00fcpsised on v\u00e4iksed tekstifailid, mida v\u00f5ib kasutada kodulehe sisu isikustamiseks, pakkumiste esitamiseks, juurdep\u00e4\u00e4su v\u00f5imaldamiseks kaitstud sisule samuti \u00fchiskondlikud meediafunktsioonid, andmevoogude anal\u00fc\u00fcsimiseks ja meie ning teenuste kasutajate kaitsmiseks k\u00fcberohtude eest. K\u00fcpsised v\u00f5ime salvestada teie arvutisse vaid juhul, kui need on rangelt vajalikud selle kodulehe toimimiseks. K\u00f5ikide teiste k\u00fcpsiste kasutamiseks peame saama teie loa.<\/p>\n<p>Selleks et kodulehte oleks kergem kasutada, aktiveeritakse peamised funktsioonid rangelt vajalike k\u00fcpsistega, n\u00e4iteks lehek\u00fclje teksti keeleseaded, juurdep\u00e4\u00e4s kodulehe kaitstud sisule jms. Ilma nende k\u00fcpsisteta ei toimi koduleht ladusalt.<\/p>\n<p>Rangelt vajalikud k\u00fcpsised:<\/p>\n<hr \/>\n<p><img loading=\"lazy\" decoding=\"async\" class=\"alignnone wp-image-3032\" src=\"https:\/\/www.avadbaltic.com\/wp-content\/uploads\/2020\/05\/EE.png\" alt=\"\" width=\"908\" height=\"568\" srcset=\"https:\/\/www.avadbaltic.com\/wp-content\/uploads\/2020\/05\/EE.png 2268w, https:\/\/www.avadbaltic.com\/wp-content\/uploads\/2020\/05\/EE-300x188.png 300w, https:\/\/www.avadbaltic.com\/wp-content\/uploads\/2020\/05\/EE-768x481.png 768w, https:\/\/www.avadbaltic.com\/wp-content\/uploads\/2020\/05\/EE-1024x641.png 1024w, https:\/\/www.avadbaltic.com\/wp-content\/uploads\/2020\/05\/EE-1200x751.png 1200w\" sizes=\"auto, (max-width: 709px) 85vw, (max-width: 909px) 67vw, (max-width: 1362px) 62vw, 840px\" \/><\/p>\n<hr \/>\n<p>Samuti on teil muid vahendeid t\u00e4iendavate k\u00fcpsiste, veebimajakate ja sarnaste tehnoloogiate abil kogutavate andmete haldamiseks, nt v\u00f5ite kasutada veebilehitseja seadeid ja piirata kolmandate poolte k\u00fcpsiste kasutamist v\u00f5i need hoopis v\u00e4lja l\u00fclitada.<\/p>\n<p>Rohkem informatsiooni selle kohta, kuidas k\u00fclastatavad veebilehed v\u00f5ivad kasutada k\u00fcpsiseid ja kuidas oma n\u00f5usolek t\u00fchistada, kustutada v\u00f5i blokeerida k\u00fcpsised otse oma veebilehitsejas, v\u00f5ite leida avalikult juurdep\u00e4\u00e4setavas veebikeskkonnas n\u00e4iteks aadressil:<\/p>\n<p><a href=\"http:\/\/www.allaboutcookies.org\/manage-cookies\/stop-cookies-installed.html\">http:\/\/www.allaboutcookies.org\/manage-cookies\/stop-cookies-installed.html<\/a><br \/>\n<a href=\"https:\/\/support.google.com\/chrome\/answer\/95647?co=GENIE.Platform%3DDesktop&amp;hl=ee\">https:\/\/support.google.com\/chrome\/answer\/95647?co=GENIE.Platform%3DDesktop&amp;hl=ee<\/a><br \/>\n<a href=\"https:\/\/support.microsoft.com\/ee-ee\/help\/17442\/windows-internet-explorer-delete-manage-cookies\">https:\/\/support.microsoft.com\/ee-ee\/help\/17442\/windows-internet-explorer-delete-manage-cookies<\/a>.<\/p>\n<p><strong>7. T\u00f6\u00f6tlemise kestus<\/strong><\/p>\n<p>Ettev\u00f5te t\u00f6\u00f6tleb isikuandmeid perioodi v\u00e4ltel, mis on vajalik k\u00e4esolevates privaatsusp\u00f5him\u00f5tetes m\u00e4\u00e4ratletud eesm\u00e4rkide saavutamiseks ja t\u00e4itmiseks, v\u00f5ttes arvesse klientidele tarnitud kaupade\/osutatud teenuste olemust ja klientidega s\u00f5lmitud kokkuleppeid, v\u00e4lja arvatud juhul, kui kehtivate \u00f5igusaktidega on s\u00e4testatud v\u00f5i lubatud v\u00f5i on vajalik pikem isikuandmete ja nendega seotud dokumentide s\u00e4ilitamise periood (nt dokumentide s\u00e4ilitamise kohustuslikud t\u00e4htajad, kohtuasja aegumist\u00e4htaeg jne).<\/p>\n<p><strong>8. Andmete edastamine<\/strong><\/p>\n<p>Ettev\u00f5te v\u00f5ib k\u00e4esolevates privaatsusp\u00f5him\u00f5tetes s\u00e4testatud eesm\u00e4rkidel edastada teie andmeid j\u00e4rgmistele andmete vastuv\u00f5tjatele:<br \/>\n<strong> &#8211; andmet\u00f6\u00f6tlejad<\/strong>, kes osutavad teenuseid ning t\u00f6\u00f6tlevad teie andmeid ettev\u00f5tte nimel, huvides ja korraldusel (nt IT-teenuste osutajad, audiitorid, konsultatndid jms). Andmet\u00f6\u00f6tlejad t\u00f6\u00f6tlevad teie isikuandmeid ainult s\u00f5naselgete juhiste alusel, kohustudes tagama ettev\u00f5tte poolt t\u00f6\u00f6tlemiseks edastatud isikuandmete n\u00f5uetekohase kaitse ja konfidentsiaalsuse ning rakendama organisatsioonilisi ja tehnilisi meetmeid, mis vastavad ettev\u00f5tte ja andmete allt\u00f6\u00f6tlejate poolt ja vahel s\u00f5lmitud kokkulepetes eraldi kokku lepitud turvan\u00f5uetele;<br \/>\n<strong> &#8211; v\u00f5lahalduse ja v\u00f5lgade andmebaasiga seotud isikud<\/strong>. Andmeid edastatakse \u00fcksnes \u00f5igusaktidega lubatud ulatuses ja tingimustel;<br \/>\n<strong> &#8211; isikud, kellel on seadusen\u00f5uete kohaselt \u00f5igus teavet saada (nt kohtud, riigi- ja omavalitsusasutused jne)<\/strong> \u00fcksnes kehtivate \u00f5igusaktide n\u00f5uetekohaseks rakendamiseks vajalikus ulatuses;<br \/>\n<strong> &#8211; ACME Grupi ettev\u00f5tted, kui see on vajalik teenuste n\u00f5uetekohase osutamise tagamiseks;<\/strong><br \/>\n<strong> &#8211; muud kolmandad isikud <\/strong>muudel \u00f5iguslikel alustel v\u00f5i <strong>teie n\u00f5usolekul<\/strong>, mis v\u00f5idakse konkreetsel puhul k\u00fcsida.<\/p>\n<p><strong>9. Millised on teie \u00f5igused?\u00a0 <\/strong><\/p>\n<p>Kliendil on j\u00e4rgmised \u00f5igused:<br \/>\n&#8211; v\u00f5tta meiega \u00fchendust ja arutada mis tahes k\u00fcsimusi seoses ettev\u00f5ttepoolse isikuandmete t\u00f6\u00f6tlemisega;<br \/>\n&#8211; saada ettev\u00f5ttelt kinnitusi, kas temaga seotud isikuandmeid t\u00f6\u00f6deldakse, ja kui t\u00f6\u00f6deldakse, saada ligip\u00e4\u00e4su t\u00f6\u00f6deldavatele isikuandmetele ja nendega seotud teabele;<br \/>\n&#8211; saada enda esitatud isikuandmeid, mida t\u00f6\u00f6deldakse tema n\u00f5usolekul v\u00f5i lepingu rakendamisel, kas kirjalikult v\u00f5i elektroonilisel kujul ning \u2013 kus see on v\u00f5imalik \u2013 n\u00f5uda sellliste andmete \u00fcle kandmist teisele teenuseosutajale;<br \/>\n&#8211; n\u00f5uda oma isikuandmete parandamist, kui andmed on ebat\u00e4psed, v\u00f5i t\u00e4iendamist, kui andmed on mittet\u00e4ielikud;<br \/>\n&#8211; n\u00f5uda tema kui ettev\u00f5tte kliendi n\u00f5usolekul t\u00f6\u00f6deldavate isikuandmete kustutamist, kui kliendi n\u00f5usolek tagasi v\u00f5etakse. See \u00f5igus ei kehti, kui kliendi isikuandmeid, mille kustutamist taotletakse, t\u00f6\u00f6deldakse muudel seaduslikel alustel, nt lepingu rakendamiseks v\u00f5i kehtivatest \u00f5igusaktidest tuleneva kohustuse t\u00e4itmiseks;<br \/>\n&#8211; n\u00f5uda isikuandmete t\u00f6\u00f6tlemise piiramist, nt ajaks, mille jooksul ettev\u00f5te anal\u00fc\u00fcsib, kas kliendil on \u00f5igus seda n\u00f5uda ja kas tema isikuandmete kustutamine on praktiliselt v\u00f5imalik;<br \/>\n&#8211; esitada vastuv\u00e4iteid kliendi isikuandmete t\u00f6\u00f6tlemisele ettev\u00f5tte \u00f5igusp\u00e4rastes huvides v\u00f5i kolmanda isiku huvides, kui isikuandmeid t\u00f6\u00f6deldakse \u00f5igusp\u00f5raste huvide alusel, ning kui isikuandmeid t\u00f6\u00f6deldakse otseturunduse eesm\u00e4rgil, sh selle eesm\u00e4rgiga seotud profiilianal\u00fc\u00fcsi tegemiseks;<br \/>\n&#8211; esitada vastuv\u00e4iteid puhtalt automaatsel t\u00f6\u00f6tlusel, sealhulgas profiilianal\u00fc\u00fcsil p\u00f5hinevale otsusele, millel on klienti puudutav \u00f5iguslik m\u00f5ju v\u00f5i sarnane oluline ebasoodne m\u00f5ju kliendi jaoks. See \u00f5igus ei kehti, kui selline otsuse tegemine on vajalik kokkuleppe s\u00f5lmimiseks v\u00f5i t\u00e4itmiseks, lubatud kehtivate \u00f5igusaktidega v\u00f5i kui klient on andnud selleks s\u00f5naselge n\u00f5usoleku;<br \/>\n&#8211; v\u00f5tta tagasi oma n\u00f5usolek isikuandmete t\u00f6\u00f6tlemiseks.<\/p>\n<p>Oma \u00f5iguste kasutamiseks esitab klient konkreetse taotluse k\u00e4esolevates privaatsusp\u00f5him\u00f5tetes esitatud kontaktandmetel. Kogu kliendi \u00f5iguste kasutamist puudutav teave esitatakse tasuta. Ettev\u00f5tte teavitab klienti tema \u00f5iguste kasutamisega seotud taotluse peale v\u00f5etud meetmetest v\u00f5i selgitab meetmete mitte v\u00f5tmise p\u00f5hjuseid \u00fche kuu jooksul alates taotluse saamisest.<\/p>\n<p>Seda taotletud teabe esitamise aega v\u00f5idakse vajadusel pikendada kahe kuu peale, v\u00f5ttes arvesse taotluste keerukust ja arvu. Kui klient esitab taotluse elektroonilise vormi kaudu, esitatakse ka teave elektroonilisel kujul.<\/p>\n<p>Kliendi \u00f5iguste kasutamisega seotud taotluse t\u00e4itmisest v\u00f5idakse keelduda v\u00f5i selle eest v\u00f5idakse k\u00fcsida p\u00f5hjendatud tasu, kui taotlus on selgelt p\u00f5hjendamatu v\u00f5i \u00fclem\u00e4\u00e4rane, ning ka muudel \u00f5igusaktidega etten\u00e4htud juhtudel.<\/p>\n<p>Kui klient leiab, et tema isikuandmeid t\u00f6\u00f6deldakse tema kehtivatest \u00f5igusaktidest tulenevaid \u00f5igusi ja \u00f5igusp\u00e4raseid huve rikkudes, on tal \u00f5igus esitada isikuandmete t\u00f6\u00f6tlemise kohta kaebus Andmekaitseinspektsioonile.<\/p>\n<p><strong>10. Privaatsusp\u00f5him\u00f5tete t\u00e4iendamine<\/strong><\/p>\n<p>K\u00e4esolevaid privaatsusp\u00f5him\u00f5tteid v\u00f5idakse vajadusel t\u00e4iendada. Privaatsusp\u00f5him\u00f5tete mis tahes muudatuste korral avaldatakse teave veebisaidil www.avadbaltic.com.<\/p>\n<p><strong>11. Kontaktandmed\u00a0 <\/strong><\/p>\n<p>Kui teil on seoses ettev\u00f5tte privaatsusp\u00f5him\u00f5tete v\u00f5i ettev\u00f5ttepoolse andmet\u00f6\u00f6tlusega k\u00fcsimusi, n\u00f5udeid v\u00f5i kommentaare, palun v\u00f5tke meiega \u00fchendust e-posti aadressil info@avad.lt.<\/p>\n<p><strong>12. Muu teave <\/strong><\/p>\n<p>Veebisait ja ettev\u00f5tte tooted v\u00f5ivad sisaldada viiteid kolmandate isikute veebisaitidele. Sellistel kolmandate isikute veebisaitidel kehtivad omad privaatsusp\u00f5him\u00f5tted. Kui te neid veebisaite k\u00fclastate, kohalduvad asjaomase p\u00f5him\u00f5tted.<\/p>","protected":false},"excerpt":{"rendered":"<p>7. aprill 2020 s\u00f5nastus 1. \u00dclds\u00e4tted K\u00e4esolevas dokumendis (edaspidi \u201eprivaatsusp\u00f5him\u00f5tted\u201c) s\u00e4testatakse ettev\u00f5tte UAB AVAD Baltic poolt teie (kliendi) isikuandmete kogumise, t\u00f6\u00f6tlemise ja s\u00e4ilitamise peamised p\u00f5him\u00f5tted (andmeid kogutakse ja s\u00e4ilitatakse Leedu Vabariigi juriidiliste isikute registris, juriidilise isiku registrikood 301060619, registreritud aadress Raudondvario pl. 131B, LT-47191 Kaunas, Leedu, e-mail info@avad.lt) (edaspidi \u201eettev\u00f5te\u201c). Privaatsusp\u00f5him\u00f5tete eesm\u00e4rk on kaitsta kliendi &hellip; <a href=\"https:\/\/www.avadbaltic.com\/ee\/privacy-policy\/\" class=\"more-link\">Continue reading<span class=\"screen-reader-text\"> &#8220;UAB AVAD Baltic privaatsusp\u00f5him\u00f5tted&#8221;<\/span><\/a><\/p>\n","protected":false},"author":5,"featured_media":0,"parent":0,"menu_order":0,"comment_status":"closed","ping_status":"closed","template":"","meta":{"_acf_changed":false,"footnotes":""},"class_list":["post-2156","page","type-page","status-publish","hentry"],"acf":[],"_links":{"self":[{"href":"https:\/\/www.avadbaltic.com\/ee\/wp-json\/wp\/v2\/pages\/2156","targetHints":{"allow":["GET"]}}],"collection":[{"href":"https:\/\/www.avadbaltic.com\/ee\/wp-json\/wp\/v2\/pages"}],"about":[{"href":"https:\/\/www.avadbaltic.com\/ee\/wp-json\/wp\/v2\/types\/page"}],"author":[{"embeddable":true,"href":"https:\/\/www.avadbaltic.com\/ee\/wp-json\/wp\/v2\/users\/5"}],"replies":[{"embeddable":true,"href":"https:\/\/www.avadbaltic.com\/ee\/wp-json\/wp\/v2\/comments?post=2156"}],"version-history":[{"count":204,"href":"https:\/\/www.avadbaltic.com\/ee\/wp-json\/wp\/v2\/pages\/2156\/revisions"}],"predecessor-version":[{"id":3701,"href":"https:\/\/www.avadbaltic.com\/ee\/wp-json\/wp\/v2\/pages\/2156\/revisions\/3701"}],"wp:attachment":[{"href":"https:\/\/www.avadbaltic.com\/ee\/wp-json\/wp\/v2\/media?parent=2156"}],"curies":[{"name":"wp","href":"https:\/\/api.w.org\/{rel}","templated":true}]}}